{"id":51863,"date":"2023-12-12T12:40:46","date_gmt":"2023-12-12T11:40:46","guid":{"rendered":"https:\/\/pet-shopping.de\/shop\/produkt\/karlie-flamingo-sandpapier-24-x-41-cm\/"},"modified":"2023-12-12T12:40:46","modified_gmt":"2023-12-12T11:40:46","slug":"karlie-flamingo-sandpapier-24-x-41-cm","status":"publish","type":"product","link":"https:\/\/all-pets.de\/shop\/produkt\/karlie-flamingo-sandpapier-24-x-41-cm\/","title":{"rendered":"Karlie Flamingo Sandpapier &#8211; 24 x 41 cm"},"content":{"rendered":"<p>Sandpapier ist eine praktische Alternative zu Vogelsand. Es wird einfach auf den K\u00e4figboden gelegt und regelm\u00e4\u00dfig ausgewechselt.<\/p>\n<p>Ma\u00dfe: ca. 24 x 41 cm<br \/> Inhalt: 7 St\u00fcck<\/p>\n<p> <font size=\"1\">Der Verein der Wellensittich-Freunde Deutschland e.V. steht diesem Produkt skeptisch gegen\u00fcber. Vor dem Kauf sollten Sie sich hier informieren: www.vwfd.de M\u00f6glicherweise gibt es eine bessere Produktalternative.<\/font><\/p>\n","protected":false},"excerpt":{"rendered":"<p>Sandpapier ist eine praktische Alternative zu Vogelsand. Es wird einfach auf den K\u00e4figboden gelegt und regelm\u00e4\u00dfig ausgewechselt. Ma\u00dfe: ca. 24 x 41 cm Inhalt: 7 St\u00fcck Der Verein der Wellensittich-Freunde Deutschland e.V. steht diesem Produkt skeptisch gegen\u00fcber. Vor dem Kauf sollten Sie sich hier informieren: www.vwfd.de M\u00f6glicherweise gibt es eine bessere Produktalternative.<\/p>\n","protected":false},"featured_media":21620,"comment_status":"closed","ping_status":"open","template":"","meta":[],"product_cat":[15568],"product_tag":[],"class_list":{"0":"post-51863","1":"product","2":"type-product","3":"status-publish","4":"has-post-thumbnail","6":"product_cat-sandteppiche","8":"first","9":"instock","10":"taxable","11":"shipping-taxable","12":"purchasable","13":"product-type-simple"},"_links":{"self":[{"href":"https:\/\/all-pets.de\/shop\/wp-json\/wp\/v2\/product\/51863","targetHints":{"allow":["GET"]}}],"collection":[{"href":"https:\/\/all-pets.de\/shop\/wp-json\/wp\/v2\/product"}],"about":[{"href":"https:\/\/all-pets.de\/shop\/wp-json\/wp\/v2\/types\/product"}],"replies":[{"embeddable":true,"href":"https:\/\/all-pets.de\/shop\/wp-json\/wp\/v2\/comments?post=51863"}],"wp:featuredmedia":[{"embeddable":true,"href":"https:\/\/all-pets.de\/shop\/wp-json\/wp\/v2\/media\/21620"}],"wp:attachment":[{"href":"https:\/\/all-pets.de\/shop\/wp-json\/wp\/v2\/media?parent=51863"}],"wp:term":[{"taxonomy":"product_cat","embeddable":true,"href":"https:\/\/all-pets.de\/shop\/wp-json\/wp\/v2\/product_cat?post=51863"},{"taxonomy":"product_tag","embeddable":true,"href":"https:\/\/all-pets.de\/shop\/wp-json\/wp\/v2\/product_tag?post=51863"}],"curies":[{"name":"wp","href":"https:\/\/api.w.org\/{rel}","templated":true}]}}