{"id":51882,"date":"2023-12-12T12:40:49","date_gmt":"2023-12-12T11:40:49","guid":{"rendered":"https:\/\/pet-shopping.de\/shop\/produkt\/trixie-edelstahlnapf-mit-gummiring-09-l\/"},"modified":"2023-12-12T12:40:50","modified_gmt":"2023-12-12T11:40:50","slug":"trixie-edelstahlnapf-mit-gummiring-09-l","status":"publish","type":"product","link":"https:\/\/all-pets.de\/shop\/produkt\/trixie-edelstahlnapf-mit-gummiring-09-l\/","title":{"rendered":"Trixie Edelstahlnapf mit Gummiring &#8211; 0,9 l"},"content":{"rendered":"<p>Futter- oder Wassernapf f\u00fcr Hunde aus rostfreiem Edelstahl. <\/p>\n<p>Schwere Ausf\u00fchrung. Rutschfest durch Gummiring.<\/p>\n<p>Fassungsverm\u00f6gen: ca. 0,9 l<br \/> Au\u00dfendurchmesser unten: ca. 23 cm<br \/> Durchmesser oben: ca. 17 cm<\/p>\n","protected":false},"excerpt":{"rendered":"<p>Futter- oder Wassernapf f\u00fcr Hunde aus rostfreiem Edelstahl. Schwere Ausf\u00fchrung. Rutschfest durch Gummiring. Fassungsverm\u00f6gen: ca. 0,9 l Au\u00dfendurchmesser unten: ca. 23 cm Durchmesser oben: ca. 17 cm<\/p>\n","protected":false},"featured_media":21697,"comment_status":"closed","ping_status":"open","template":"","meta":[],"product_cat":[14361],"product_tag":[],"class_list":{"0":"post-51882","1":"product","2":"type-product","3":"status-publish","4":"has-post-thumbnail","6":"product_cat-futter-wassernaepfe-hundenaepfe-traenken","8":"first","9":"instock","10":"taxable","11":"shipping-taxable","12":"purchasable","13":"product-type-simple"},"_links":{"self":[{"href":"https:\/\/all-pets.de\/shop\/wp-json\/wp\/v2\/product\/51882","targetHints":{"allow":["GET"]}}],"collection":[{"href":"https:\/\/all-pets.de\/shop\/wp-json\/wp\/v2\/product"}],"about":[{"href":"https:\/\/all-pets.de\/shop\/wp-json\/wp\/v2\/types\/product"}],"replies":[{"embeddable":true,"href":"https:\/\/all-pets.de\/shop\/wp-json\/wp\/v2\/comments?post=51882"}],"wp:featuredmedia":[{"embeddable":true,"href":"https:\/\/all-pets.de\/shop\/wp-json\/wp\/v2\/media\/21697"}],"wp:attachment":[{"href":"https:\/\/all-pets.de\/shop\/wp-json\/wp\/v2\/media?parent=51882"}],"wp:term":[{"taxonomy":"product_cat","embeddable":true,"href":"https:\/\/all-pets.de\/shop\/wp-json\/wp\/v2\/product_cat?post=51882"},{"taxonomy":"product_tag","embeddable":true,"href":"https:\/\/all-pets.de\/shop\/wp-json\/wp\/v2\/product_tag?post=51882"}],"curies":[{"name":"wp","href":"https:\/\/api.w.org\/{rel}","templated":true}]}}