{"id":51888,"date":"2023-12-12T12:40:51","date_gmt":"2023-12-12T11:40:51","guid":{"rendered":"https:\/\/pet-shopping.de\/shop\/produkt\/trixie-edelstahlnapf-mit-halter-900-ml\/"},"modified":"2023-12-12T12:40:51","modified_gmt":"2023-12-12T11:40:51","slug":"trixie-edelstahlnapf-mit-halter-900-ml","status":"publish","type":"product","link":"https:\/\/all-pets.de\/shop\/produkt\/trixie-edelstahlnapf-mit-halter-900-ml\/","title":{"rendered":"Trixie Edelstahlnapf mit Halter &#8211; 900 ml"},"content":{"rendered":"<p>Edelstahlnapf f\u00fcr Papageien und Gro\u00dfsittiche. <\/p>\n<p>Mit verchromtem Halter zum Einh\u00e4ngen ins K\u00e4fig- oder Volierengitter.<\/p>\n<p>Fassungsverm\u00f6gen: ca. 900 ml<br \/> Durchmesser: ca. 14 cm<\/p>\n","protected":false},"excerpt":{"rendered":"<p>Edelstahlnapf f\u00fcr Papageien und Gro\u00dfsittiche. Mit verchromtem Halter zum Einh\u00e4ngen ins K\u00e4fig- oder Volierengitter. Fassungsverm\u00f6gen: ca. 900 ml Durchmesser: ca. 14 cm<\/p>\n","protected":false},"featured_media":21699,"comment_status":"closed","ping_status":"open","template":"","meta":[],"product_cat":[13712],"product_tag":[],"class_list":{"0":"post-51888","1":"product","2":"type-product","3":"status-publish","4":"has-post-thumbnail","6":"product_cat-vogelnaepfe-vogeltraenken","8":"first","9":"instock","10":"taxable","11":"shipping-taxable","12":"purchasable","13":"product-type-simple"},"_links":{"self":[{"href":"https:\/\/all-pets.de\/shop\/wp-json\/wp\/v2\/product\/51888","targetHints":{"allow":["GET"]}}],"collection":[{"href":"https:\/\/all-pets.de\/shop\/wp-json\/wp\/v2\/product"}],"about":[{"href":"https:\/\/all-pets.de\/shop\/wp-json\/wp\/v2\/types\/product"}],"replies":[{"embeddable":true,"href":"https:\/\/all-pets.de\/shop\/wp-json\/wp\/v2\/comments?post=51888"}],"wp:featuredmedia":[{"embeddable":true,"href":"https:\/\/all-pets.de\/shop\/wp-json\/wp\/v2\/media\/21699"}],"wp:attachment":[{"href":"https:\/\/all-pets.de\/shop\/wp-json\/wp\/v2\/media?parent=51888"}],"wp:term":[{"taxonomy":"product_cat","embeddable":true,"href":"https:\/\/all-pets.de\/shop\/wp-json\/wp\/v2\/product_cat?post=51888"},{"taxonomy":"product_tag","embeddable":true,"href":"https:\/\/all-pets.de\/shop\/wp-json\/wp\/v2\/product_tag?post=51888"}],"curies":[{"name":"wp","href":"https:\/\/api.w.org\/{rel}","templated":true}]}}