{"id":51899,"date":"2023-12-12T12:40:55","date_gmt":"2023-12-12T11:40:55","guid":{"rendered":"https:\/\/pet-shopping.de\/shop\/produkt\/carbone-hundematte-mattress-60-x-80-cm-blumen-gelb\/"},"modified":"2023-12-12T12:40:55","modified_gmt":"2023-12-12T11:40:55","slug":"carbone-hundematte-mattress-60-x-80-cm-blumen-gelb","status":"publish","type":"product","link":"https:\/\/all-pets.de\/shop\/produkt\/carbone-hundematte-mattress-60-x-80-cm-blumen-gelb\/","title":{"rendered":"CARBONE Hundematte Mattress, 60 x 80 cm &#8211; Blumen-gelb"},"content":{"rendered":"<p>Sehr sch\u00f6nes Hundekissen von CARBONE &#8222;Made in Italy&#8220;<\/p>\n<p>Es handelt sich um ein Wendekissen, das mit seiner Gr\u00f6\u00dfe von ca. 60 x 80 cm f\u00fcr mittelgro\u00dfe und gro\u00dfe Hunde geeignet ist. Der Umschlag besteht aus Baumwolle und hat an der langen Seite einen Rei\u00dfverschlu\u00df, so dass er zum Waschen abgezogen werden kann. Im Inneren befindet sich ein weiches Polyestervlies.<\/p>\n<p>Das Kissen hat eine Dicke von ca. 3 cm und eignet sich ideal f\u00fcr den Kofferraum, als Polsterung f\u00fcr eine Transportbox o.\u00e4.<\/p>\n<p>Ihr Hund wird von diesem bequemen Liegeplatz begeistert sein.<\/p>\n<p>Waschbar bei 30 Grad.<\/p>\n","protected":false},"excerpt":{"rendered":"<p>Sehr sch\u00f6nes Hundekissen von CARBONE &#8222;Made in Italy&#8220; Es handelt sich um ein Wendekissen, das mit seiner Gr\u00f6\u00dfe von ca. 60 x 80 cm f\u00fcr mittelgro\u00dfe und gro\u00dfe Hunde geeignet ist. Der Umschlag besteht aus Baumwolle und hat an der langen Seite einen Rei\u00dfverschlu\u00df, so dass er zum Waschen abgezogen werden kann. Im Inneren befindet [&hellip;]<\/p>\n","protected":false},"featured_media":21730,"comment_status":"closed","ping_status":"open","template":"","meta":[],"product_cat":[15113],"product_tag":[],"class_list":{"0":"post-51899","1":"product","2":"type-product","3":"status-publish","4":"has-post-thumbnail","6":"product_cat-hundebetten-hundekissen-betten-koerbe","8":"first","9":"instock","10":"taxable","11":"shipping-taxable","12":"purchasable","13":"product-type-simple"},"_links":{"self":[{"href":"https:\/\/all-pets.de\/shop\/wp-json\/wp\/v2\/product\/51899","targetHints":{"allow":["GET"]}}],"collection":[{"href":"https:\/\/all-pets.de\/shop\/wp-json\/wp\/v2\/product"}],"about":[{"href":"https:\/\/all-pets.de\/shop\/wp-json\/wp\/v2\/types\/product"}],"replies":[{"embeddable":true,"href":"https:\/\/all-pets.de\/shop\/wp-json\/wp\/v2\/comments?post=51899"}],"wp:featuredmedia":[{"embeddable":true,"href":"https:\/\/all-pets.de\/shop\/wp-json\/wp\/v2\/media\/21730"}],"wp:attachment":[{"href":"https:\/\/all-pets.de\/shop\/wp-json\/wp\/v2\/media?parent=51899"}],"wp:term":[{"taxonomy":"product_cat","embeddable":true,"href":"https:\/\/all-pets.de\/shop\/wp-json\/wp\/v2\/product_cat?post=51899"},{"taxonomy":"product_tag","embeddable":true,"href":"https:\/\/all-pets.de\/shop\/wp-json\/wp\/v2\/product_tag?post=51899"}],"curies":[{"name":"wp","href":"https:\/\/api.w.org\/{rel}","templated":true}]}}