{"id":51901,"date":"2023-12-12T12:40:55","date_gmt":"2023-12-12T11:40:55","guid":{"rendered":"https:\/\/pet-shopping.de\/shop\/produkt\/trixie-kissen-harvey-80-x-60-cm\/"},"modified":"2023-12-12T12:40:55","modified_gmt":"2023-12-12T11:40:55","slug":"trixie-kissen-harvey-80-x-60-cm","status":"publish","type":"product","link":"https:\/\/all-pets.de\/shop\/produkt\/trixie-kissen-harvey-80-x-60-cm\/","title":{"rendered":"Trixie Kissen Harvey &#8211; 80 x 60 cm"},"content":{"rendered":"<ul>\n<li>Langhaar-Pl\u00fcsch<\/li>\n<li>Polyester-Bezug<\/li>\n<li>Polyestervlies-F\u00fcllung, 18 cm<\/li>\n<li>extra hohe F\u00fcllmenge<\/li>\n<li>rutschfester Boden<\/li>\n<li>Inlett: Handw\u00e4sche<\/li>\n<li>Bezug bei 30\u00b0C waschbar<\/li>\n<li>Farbe: wei\u00df-schwarz<\/li>\n<li>Ma\u00dfe: ca. 80 x 60 cm<\/li>\n<\/ul>\n","protected":false},"excerpt":{"rendered":"<p>Langhaar-Pl\u00fcsch Polyester-Bezug Polyestervlies-F\u00fcllung, 18 cm extra hohe F\u00fcllmenge rutschfester Boden Inlett: Handw\u00e4sche Bezug bei 30\u00b0C waschbar Farbe: wei\u00df-schwarz Ma\u00dfe: ca. 80 x 60 cm<\/p>\n","protected":false},"featured_media":21801,"comment_status":"closed","ping_status":"open","template":"","meta":[],"product_cat":[15113],"product_tag":[],"class_list":{"0":"post-51901","1":"product","2":"type-product","3":"status-publish","4":"has-post-thumbnail","6":"product_cat-hundebetten-hundekissen-betten-koerbe","8":"first","9":"instock","10":"taxable","11":"shipping-taxable","12":"purchasable","13":"product-type-simple"},"_links":{"self":[{"href":"https:\/\/all-pets.de\/shop\/wp-json\/wp\/v2\/product\/51901","targetHints":{"allow":["GET"]}}],"collection":[{"href":"https:\/\/all-pets.de\/shop\/wp-json\/wp\/v2\/product"}],"about":[{"href":"https:\/\/all-pets.de\/shop\/wp-json\/wp\/v2\/types\/product"}],"replies":[{"embeddable":true,"href":"https:\/\/all-pets.de\/shop\/wp-json\/wp\/v2\/comments?post=51901"}],"wp:featuredmedia":[{"embeddable":true,"href":"https:\/\/all-pets.de\/shop\/wp-json\/wp\/v2\/media\/21801"}],"wp:attachment":[{"href":"https:\/\/all-pets.de\/shop\/wp-json\/wp\/v2\/media?parent=51901"}],"wp:term":[{"taxonomy":"product_cat","embeddable":true,"href":"https:\/\/all-pets.de\/shop\/wp-json\/wp\/v2\/product_cat?post=51901"},{"taxonomy":"product_tag","embeddable":true,"href":"https:\/\/all-pets.de\/shop\/wp-json\/wp\/v2\/product_tag?post=51901"}],"curies":[{"name":"wp","href":"https:\/\/api.w.org\/{rel}","templated":true}]}}