{"id":51907,"date":"2023-12-12T12:40:55","date_gmt":"2023-12-12T11:40:55","guid":{"rendered":"https:\/\/pet-shopping.de\/shop\/produkt\/trixie-premium-verlaengerungsleine-mit-neopren-polsterung-indigo-royalblau-200-m-10-mm\/"},"modified":"2023-12-12T12:40:55","modified_gmt":"2023-12-12T11:40:55","slug":"trixie-premium-verlaengerungsleine-mit-neopren-polsterung-indigo-royalblau-200-m-10-mm","status":"publish","type":"product","link":"https:\/\/all-pets.de\/shop\/produkt\/trixie-premium-verlaengerungsleine-mit-neopren-polsterung-indigo-royalblau-200-m-10-mm\/","title":{"rendered":"Trixie Premium Verl\u00e4ngerungsleine mit Neopren-Polsterung &#8211; indigo\/royalblau &#8211; 2,00 m\/10 mm"},"content":{"rendered":"<ul>\n<li>Gurtband<\/li>\n<li>neoprengepolstert<\/li>\n<li>3fach verstellbar<\/li>\n<li>durch 2 stufenlos verstellbare Ringe variabel einsetzbar, z. B. Schnallen um die Taille m\u00f6glich<\/li>\n<li>mit \u00d6se z. B. zum Befestigen der Hundemarke oder eines Flashers<\/li>\n<li>Farbe: indigo\/royalblau<\/li>\n<li>Gr\u00f6\u00dfe: XS<\/li>\n<li>L\u00e4nge: 2.00 m<\/li>\n<li>Materialbreite: 10 mm<\/li>\n<\/ul>\n","protected":false},"excerpt":{"rendered":"<p>Gurtband neoprengepolstert 3fach verstellbar durch 2 stufenlos verstellbare Ringe variabel einsetzbar, z. B. Schnallen um die Taille m\u00f6glich mit \u00d6se z. B. zum Befestigen der Hundemarke oder eines Flashers Farbe: indigo\/royalblau Gr\u00f6\u00dfe: XS L\u00e4nge: 2.00 m Materialbreite: 10 mm<\/p>\n","protected":false},"featured_media":21811,"comment_status":"closed","ping_status":"open","template":"","meta":[],"product_cat":[14701],"product_tag":[],"class_list":{"0":"post-51907","1":"product","2":"type-product","3":"status-publish","4":"has-post-thumbnail","6":"product_cat-nylonleinen-leinen","8":"first","9":"instock","10":"taxable","11":"shipping-taxable","12":"purchasable","13":"product-type-simple"},"_links":{"self":[{"href":"https:\/\/all-pets.de\/shop\/wp-json\/wp\/v2\/product\/51907","targetHints":{"allow":["GET"]}}],"collection":[{"href":"https:\/\/all-pets.de\/shop\/wp-json\/wp\/v2\/product"}],"about":[{"href":"https:\/\/all-pets.de\/shop\/wp-json\/wp\/v2\/types\/product"}],"replies":[{"embeddable":true,"href":"https:\/\/all-pets.de\/shop\/wp-json\/wp\/v2\/comments?post=51907"}],"wp:featuredmedia":[{"embeddable":true,"href":"https:\/\/all-pets.de\/shop\/wp-json\/wp\/v2\/media\/21811"}],"wp:attachment":[{"href":"https:\/\/all-pets.de\/shop\/wp-json\/wp\/v2\/media?parent=51907"}],"wp:term":[{"taxonomy":"product_cat","embeddable":true,"href":"https:\/\/all-pets.de\/shop\/wp-json\/wp\/v2\/product_cat?post=51907"},{"taxonomy":"product_tag","embeddable":true,"href":"https:\/\/all-pets.de\/shop\/wp-json\/wp\/v2\/product_tag?post=51907"}],"curies":[{"name":"wp","href":"https:\/\/api.w.org\/{rel}","templated":true}]}}