{"id":51932,"date":"2023-12-12T12:41:00","date_gmt":"2023-12-12T11:41:00","guid":{"rendered":"https:\/\/pet-shopping.de\/shop\/produkt\/karlie-leine-bravery-100cm-22mm-rotbraun\/"},"modified":"2023-12-12T12:41:01","modified_gmt":"2023-12-12T11:41:01","slug":"karlie-leine-bravery-100cm-22mm-rotbraun","status":"publish","type":"product","link":"https:\/\/all-pets.de\/shop\/produkt\/karlie-leine-bravery-100cm-22mm-rotbraun\/","title":{"rendered":"Karlie Leine Bravery &#8211; 100cm \/ 22mm &#8211; Rotbraun"},"content":{"rendered":"<p>Hochwertige gen\u00e4hte Leine aus Vollleder mit gewachster Oberfl\u00e4che. Altsilberfarbene Beschl\u00e4ge.<\/p>\n<p>L\u00e4nge: ca. 100 cm<br \/>Breite: ca. 22 mm<br \/>Farbe: rotbraun<\/p>\n","protected":false},"excerpt":{"rendered":"<p>Hochwertige gen\u00e4hte Leine aus Vollleder mit gewachster Oberfl\u00e4che. Altsilberfarbene Beschl\u00e4ge. L\u00e4nge: ca. 100 cmBreite: ca. 22 mmFarbe: rotbraun<\/p>\n","protected":false},"featured_media":51930,"comment_status":"closed","ping_status":"open","template":"","meta":[],"product_cat":[13749],"product_tag":[],"class_list":{"0":"post-51932","1":"product","2":"type-product","3":"status-publish","4":"has-post-thumbnail","6":"product_cat-lederleinen","8":"first","9":"instock","10":"taxable","11":"shipping-taxable","12":"purchasable","13":"product-type-simple"},"_links":{"self":[{"href":"https:\/\/all-pets.de\/shop\/wp-json\/wp\/v2\/product\/51932","targetHints":{"allow":["GET"]}}],"collection":[{"href":"https:\/\/all-pets.de\/shop\/wp-json\/wp\/v2\/product"}],"about":[{"href":"https:\/\/all-pets.de\/shop\/wp-json\/wp\/v2\/types\/product"}],"replies":[{"embeddable":true,"href":"https:\/\/all-pets.de\/shop\/wp-json\/wp\/v2\/comments?post=51932"}],"wp:featuredmedia":[{"embeddable":true,"href":"https:\/\/all-pets.de\/shop\/wp-json\/wp\/v2\/media\/51930"}],"wp:attachment":[{"href":"https:\/\/all-pets.de\/shop\/wp-json\/wp\/v2\/media?parent=51932"}],"wp:term":[{"taxonomy":"product_cat","embeddable":true,"href":"https:\/\/all-pets.de\/shop\/wp-json\/wp\/v2\/product_cat?post=51932"},{"taxonomy":"product_tag","embeddable":true,"href":"https:\/\/all-pets.de\/shop\/wp-json\/wp\/v2\/product_tag?post=51932"}],"curies":[{"name":"wp","href":"https:\/\/api.w.org\/{rel}","templated":true}]}}