{"id":51934,"date":"2023-12-12T12:41:00","date_gmt":"2023-12-12T11:41:00","guid":{"rendered":"https:\/\/pet-shopping.de\/shop\/produkt\/karlie-flamingo-click-it-fellpflegesystem-kamm-mit-rotierenden-zinken\/"},"modified":"2023-12-12T12:41:01","modified_gmt":"2023-12-12T11:41:01","slug":"karlie-flamingo-click-it-fellpflegesystem-kamm-mit-rotierenden-zinken","status":"publish","type":"product","link":"https:\/\/all-pets.de\/shop\/produkt\/karlie-flamingo-click-it-fellpflegesystem-kamm-mit-rotierenden-zinken\/","title":{"rendered":"Karlie Flamingo Click-it Fellpflegesystem &#8211; Kamm mit rotierenden Zinken"},"content":{"rendered":"<p>Kamm mit rotierenden Zinken als Aufsatz f\u00fcr das Click-it Fellpflegesystem. Kann nur in Verbindung mit dem Kombinationsgriff (Artikelnr. 1030302) genutzt werden!<\/p>\n<p>Bei dem Click-it Fellpflegesystem handelt es sich um diesen Griff als Basiskomponente, zu dem man sich genau die Aufs\u00e4tze einzeln dazu kaufen kann, die man ben\u00f6tigt. <\/p>\n<p>Die Aufs\u00e4tze sind kinderleicht zu wechseln und werden einfach in den ergonomisch geformten Anti-Rutsch-Softgriff eingeklickt. Der Griff aus weichem Materialmix liegt perfekt in der Hand und erm\u00f6glicht so ein pr\u00e4zises und einfaches Arbeiten. <\/p>\n<p>Es sind folgende Aufs\u00e4tze erh\u00e4ltlich:<\/p>\n<p>Entfilzungskamm (Artikelnr. 1030303)<br \/> Flohkamm (Artikelnr. 1030304)<br \/> Kamm mit rotierenden Zinken (Artikelnr. 1030305)<br \/> Stiftb\u00fcrste (Artikelnr. 1030306)<br \/> Universalb\u00fcrste (Artikelnr. 1030307)<\/p>\n<p>ACHTUNG! Im Lieferumfang ist nur der Aufsatz enthalten!<\/p>\n","protected":false},"excerpt":{"rendered":"<p>Kamm mit rotierenden Zinken als Aufsatz f\u00fcr das Click-it Fellpflegesystem. Kann nur in Verbindung mit dem Kombinationsgriff (Artikelnr. 1030302) genutzt werden! Bei dem Click-it Fellpflegesystem handelt es sich um diesen Griff als Basiskomponente, zu dem man sich genau die Aufs\u00e4tze einzeln dazu kaufen kann, die man ben\u00f6tigt. Die Aufs\u00e4tze sind kinderleicht zu wechseln und werden [&hellip;]<\/p>\n","protected":false},"featured_media":21870,"comment_status":"closed","ping_status":"open","template":"","meta":[],"product_cat":[15399],"product_tag":[],"class_list":{"0":"post-51934","1":"product","2":"type-product","3":"status-publish","4":"has-post-thumbnail","6":"product_cat-fellkaemme-fellpflege-pflege-gesundheit-hundebuersten-striegelhundewelt-fellpflege-pflege-gesundheit-hundewelt","8":"first","9":"instock","10":"taxable","11":"shipping-taxable","12":"purchasable","13":"product-type-simple"},"_links":{"self":[{"href":"https:\/\/all-pets.de\/shop\/wp-json\/wp\/v2\/product\/51934","targetHints":{"allow":["GET"]}}],"collection":[{"href":"https:\/\/all-pets.de\/shop\/wp-json\/wp\/v2\/product"}],"about":[{"href":"https:\/\/all-pets.de\/shop\/wp-json\/wp\/v2\/types\/product"}],"replies":[{"embeddable":true,"href":"https:\/\/all-pets.de\/shop\/wp-json\/wp\/v2\/comments?post=51934"}],"wp:featuredmedia":[{"embeddable":true,"href":"https:\/\/all-pets.de\/shop\/wp-json\/wp\/v2\/media\/21870"}],"wp:attachment":[{"href":"https:\/\/all-pets.de\/shop\/wp-json\/wp\/v2\/media?parent=51934"}],"wp:term":[{"taxonomy":"product_cat","embeddable":true,"href":"https:\/\/all-pets.de\/shop\/wp-json\/wp\/v2\/product_cat?post=51934"},{"taxonomy":"product_tag","embeddable":true,"href":"https:\/\/all-pets.de\/shop\/wp-json\/wp\/v2\/product_tag?post=51934"}],"curies":[{"name":"wp","href":"https:\/\/api.w.org\/{rel}","templated":true}]}}