{"id":51941,"date":"2023-12-12T12:41:03","date_gmt":"2023-12-12T11:41:03","guid":{"rendered":"https:\/\/pet-shopping.de\/shop\/produkt\/trixie-multi-vitamin-paste-fuer-welpen-100g\/"},"modified":"2023-12-12T12:41:03","modified_gmt":"2023-12-12T11:41:03","slug":"trixie-multi-vitamin-paste-fuer-welpen-100g","status":"publish","type":"product","link":"https:\/\/all-pets.de\/shop\/produkt\/trixie-multi-vitamin-paste-fuer-welpen-100g\/","title":{"rendered":"Trixie Multi-Vitamin-Paste f\u00fcr Welpen &#8211; 100g"},"content":{"rendered":"<ul>\n<li> f\u00fcr Welpen<\/li>\n<li>enth\u00e4lt wichtige Vitamine <\/li>\n<li> f\u00f6rdert die nat\u00fcrlichen Abwehrkr\u00e4fte <\/li>\n<li> f\u00fcr mehr Vitalit\u00e4t und Lebenskraft <\/li>\n<li> beugt Mangelerscheinungen vor <\/li>\n<li> Paste\u00a0<\/li>\n<li>Inhalt: 100g <\/li>\n<\/ul>\n","protected":false},"excerpt":{"rendered":"<p>f\u00fcr Welpen enth\u00e4lt wichtige Vitamine f\u00f6rdert die nat\u00fcrlichen Abwehrkr\u00e4fte f\u00fcr mehr Vitalit\u00e4t und Lebenskraft beugt Mangelerscheinungen vor Paste\u00a0 Inhalt: 100g<\/p>\n","protected":false},"featured_media":21883,"comment_status":"closed","ping_status":"open","template":"","meta":[],"product_cat":[15570],"product_tag":[],"class_list":{"0":"post-51941","1":"product","2":"type-product","3":"status-publish","4":"has-post-thumbnail","6":"product_cat-welpen-aufzucht-pflege-gesundheit-futterergaenzunghundewelt","8":"first","9":"instock","10":"taxable","11":"shipping-taxable","12":"purchasable","13":"product-type-simple"},"_links":{"self":[{"href":"https:\/\/all-pets.de\/shop\/wp-json\/wp\/v2\/product\/51941","targetHints":{"allow":["GET"]}}],"collection":[{"href":"https:\/\/all-pets.de\/shop\/wp-json\/wp\/v2\/product"}],"about":[{"href":"https:\/\/all-pets.de\/shop\/wp-json\/wp\/v2\/types\/product"}],"replies":[{"embeddable":true,"href":"https:\/\/all-pets.de\/shop\/wp-json\/wp\/v2\/comments?post=51941"}],"wp:featuredmedia":[{"embeddable":true,"href":"https:\/\/all-pets.de\/shop\/wp-json\/wp\/v2\/media\/21883"}],"wp:attachment":[{"href":"https:\/\/all-pets.de\/shop\/wp-json\/wp\/v2\/media?parent=51941"}],"wp:term":[{"taxonomy":"product_cat","embeddable":true,"href":"https:\/\/all-pets.de\/shop\/wp-json\/wp\/v2\/product_cat?post=51941"},{"taxonomy":"product_tag","embeddable":true,"href":"https:\/\/all-pets.de\/shop\/wp-json\/wp\/v2\/product_tag?post=51941"}],"curies":[{"name":"wp","href":"https:\/\/api.w.org\/{rel}","templated":true}]}}