{"id":51942,"date":"2023-12-12T12:41:03","date_gmt":"2023-12-12T11:41:03","guid":{"rendered":"https:\/\/pet-shopping.de\/shop\/produkt\/trixie-schmutzfangmatte-grau-80-x-60-cm\/"},"modified":"2023-12-12T12:41:03","modified_gmt":"2023-12-12T11:41:03","slug":"trixie-schmutzfangmatte-grau-80-x-60-cm","status":"publish","type":"product","link":"https:\/\/all-pets.de\/shop\/produkt\/trixie-schmutzfangmatte-grau-80-x-60-cm\/","title":{"rendered":"Trixie Schmutzfangmatte &#8211; grau &#8211; 80 x 60 cm"},"content":{"rendered":"<ul>\n<li>Polyester<\/li>\n<li>extra lange Mikrofasern reinigen die Hundepfoten schon beim Betreten<\/li>\n<li>wasserdichte Unterseite verhindert das Durchdringen von Feuchtigkeit<\/li>\n<li>gute Feuchtigkeits- und Schmutzaufnahme<\/li>\n<li>schnell trocknend und extrem saugf\u00e4hig: absorbiert das Vielfache ihres Eigengewichtes<\/li>\n<li>sch\u00fctzt B\u00f6den vor Verunreinigungen<\/li>\n<li>auch als Liegeplatz oder Decke im Auto nutzbar<\/li>\n<li>Fu\u00dfbodenheizung geeignet<\/li>\n<li>rutschfester Gummiboden (TPR)<\/li>\n<li>waschbar bei 40\u00b0C<\/li>\n<li>Farbe: grau<\/li>\n<li>Gr\u00f6\u00dfe: ca. 80 x 60 cm<\/li>\n<\/ul>\n","protected":false},"excerpt":{"rendered":"<p>Polyester extra lange Mikrofasern reinigen die Hundepfoten schon beim Betreten wasserdichte Unterseite verhindert das Durchdringen von Feuchtigkeit gute Feuchtigkeits- und Schmutzaufnahme schnell trocknend und extrem saugf\u00e4hig: absorbiert das Vielfache ihres Eigengewichtes sch\u00fctzt B\u00f6den vor Verunreinigungen auch als Liegeplatz oder Decke im Auto nutzbar Fu\u00dfbodenheizung geeignet rutschfester Gummiboden (TPR) waschbar bei 40\u00b0C Farbe: grau Gr\u00f6\u00dfe: ca. [&hellip;]<\/p>\n","protected":false},"featured_media":21890,"comment_status":"closed","ping_status":"open","template":"","meta":[],"product_cat":[15078],"product_tag":[],"class_list":{"0":"post-51942","1":"product","2":"type-product","3":"status-publish","4":"has-post-thumbnail","6":"product_cat-reinigen-trocknen-fellpflege-pflege-gesundheit-hundewelt","8":"first","9":"instock","10":"taxable","11":"shipping-taxable","12":"purchasable","13":"product-type-simple"},"_links":{"self":[{"href":"https:\/\/all-pets.de\/shop\/wp-json\/wp\/v2\/product\/51942","targetHints":{"allow":["GET"]}}],"collection":[{"href":"https:\/\/all-pets.de\/shop\/wp-json\/wp\/v2\/product"}],"about":[{"href":"https:\/\/all-pets.de\/shop\/wp-json\/wp\/v2\/types\/product"}],"replies":[{"embeddable":true,"href":"https:\/\/all-pets.de\/shop\/wp-json\/wp\/v2\/comments?post=51942"}],"wp:featuredmedia":[{"embeddable":true,"href":"https:\/\/all-pets.de\/shop\/wp-json\/wp\/v2\/media\/21890"}],"wp:attachment":[{"href":"https:\/\/all-pets.de\/shop\/wp-json\/wp\/v2\/media?parent=51942"}],"wp:term":[{"taxonomy":"product_cat","embeddable":true,"href":"https:\/\/all-pets.de\/shop\/wp-json\/wp\/v2\/product_cat?post=51942"},{"taxonomy":"product_tag","embeddable":true,"href":"https:\/\/all-pets.de\/shop\/wp-json\/wp\/v2\/product_tag?post=51942"}],"curies":[{"name":"wp","href":"https:\/\/api.w.org\/{rel}","templated":true}]}}