{"id":51962,"date":"2023-12-12T12:41:06","date_gmt":"2023-12-12T11:41:06","guid":{"rendered":"https:\/\/pet-shopping.de\/shop\/produkt\/trixie-bett-lian-o-37-cm\/"},"modified":"2023-12-12T12:41:06","modified_gmt":"2023-12-12T11:41:06","slug":"trixie-bett-lian-o-37-cm","status":"publish","type":"product","link":"https:\/\/all-pets.de\/shop\/produkt\/trixie-bett-lian-o-37-cm\/","title":{"rendered":"Trixie Bett Lian &#8211; \u00f8 37 cm"},"content":{"rendered":"<ul>\n<li> Filz (Polyester) <\/li>\n<li> formstabil durch verst\u00e4rkten Rand <\/li>\n<li> isolierend und schmutzabweisend <\/li>\n<li> Kissen mit Pl\u00fcsch-Bezug und Polyestervlies-F\u00fcllung, gesteppt <\/li>\n<li> mit dekorativen Handgriffen aus gedrehtem Baumwoll-Tau <\/li>\n<\/ul>\n<p>Farbe: grau<br \/> Gr\u00f6\u00dfe: \u00f8 37 cm<\/p>\n","protected":false},"excerpt":{"rendered":"<p>Filz (Polyester) formstabil durch verst\u00e4rkten Rand isolierend und schmutzabweisend Kissen mit Pl\u00fcsch-Bezug und Polyestervlies-F\u00fcllung, gesteppt mit dekorativen Handgriffen aus gedrehtem Baumwoll-Tau Farbe: grau Gr\u00f6\u00dfe: \u00f8 37 cm<\/p>\n","protected":false},"featured_media":21962,"comment_status":"closed","ping_status":"open","template":"","meta":[],"product_cat":[14397],"product_tag":[],"class_list":{"0":"post-51962","1":"product","2":"type-product","3":"status-publish","4":"has-post-thumbnail","6":"product_cat-hundebetten-hundekissen-betten-koerbe-katzenkissenhundewelt","8":"first","9":"instock","10":"taxable","11":"shipping-taxable","12":"purchasable","13":"product-type-simple"},"_links":{"self":[{"href":"https:\/\/all-pets.de\/shop\/wp-json\/wp\/v2\/product\/51962","targetHints":{"allow":["GET"]}}],"collection":[{"href":"https:\/\/all-pets.de\/shop\/wp-json\/wp\/v2\/product"}],"about":[{"href":"https:\/\/all-pets.de\/shop\/wp-json\/wp\/v2\/types\/product"}],"replies":[{"embeddable":true,"href":"https:\/\/all-pets.de\/shop\/wp-json\/wp\/v2\/comments?post=51962"}],"wp:featuredmedia":[{"embeddable":true,"href":"https:\/\/all-pets.de\/shop\/wp-json\/wp\/v2\/media\/21962"}],"wp:attachment":[{"href":"https:\/\/all-pets.de\/shop\/wp-json\/wp\/v2\/media?parent=51962"}],"wp:term":[{"taxonomy":"product_cat","embeddable":true,"href":"https:\/\/all-pets.de\/shop\/wp-json\/wp\/v2\/product_cat?post=51962"},{"taxonomy":"product_tag","embeddable":true,"href":"https:\/\/all-pets.de\/shop\/wp-json\/wp\/v2\/product_tag?post=51962"}],"curies":[{"name":"wp","href":"https:\/\/api.w.org\/{rel}","templated":true}]}}