{"id":51984,"date":"2023-12-12T12:41:09","date_gmt":"2023-12-12T11:41:09","guid":{"rendered":"https:\/\/pet-shopping.de\/shop\/produkt\/karlie-nachfuellpack-easy-bag-kottueten-rosa\/"},"modified":"2023-12-12T12:41:10","modified_gmt":"2023-12-12T11:41:10","slug":"karlie-nachfuellpack-easy-bag-kottueten-rosa","status":"publish","type":"product","link":"https:\/\/all-pets.de\/shop\/produkt\/karlie-nachfuellpack-easy-bag-kottueten-rosa\/","title":{"rendered":"Karlie Nachf\u00fcllpack EASY BAG Kott\u00fcten &#8211; Rosa"},"content":{"rendered":"<p>Endlich sind sie da! <\/p>\n<p>Die Nachf\u00fcllpackungen f\u00fcr die beliebten Easy Bag Kott\u00fctentaschen in Rosa und Blau (Art-Nr. 15621-VAR).<\/p>\n<p>Das Nachf\u00fcllpack beinhaltet jeweils 3 Rollen der bew\u00e4hrten T\u00fctchen. <\/p>\n<p>\u00a0<\/p>\n<p><\/p>\n","protected":false},"excerpt":{"rendered":"<p>Endlich sind sie da! Die Nachf\u00fcllpackungen f\u00fcr die beliebten Easy Bag Kott\u00fctentaschen in Rosa und Blau (Art-Nr. 15621-VAR). Das Nachf\u00fcllpack beinhaltet jeweils 3 Rollen der bew\u00e4hrten T\u00fctchen. \u00a0<\/p>\n","protected":false},"featured_media":22015,"comment_status":"closed","ping_status":"open","template":"","meta":[],"product_cat":[13757],"product_tag":[],"class_list":{"0":"post-51984","1":"product","2":"type-product","3":"status-publish","4":"has-post-thumbnail","6":"product_cat-hundetoiletten-hygiene","8":"first","9":"instock","10":"taxable","11":"shipping-taxable","12":"purchasable","13":"product-type-simple"},"_links":{"self":[{"href":"https:\/\/all-pets.de\/shop\/wp-json\/wp\/v2\/product\/51984","targetHints":{"allow":["GET"]}}],"collection":[{"href":"https:\/\/all-pets.de\/shop\/wp-json\/wp\/v2\/product"}],"about":[{"href":"https:\/\/all-pets.de\/shop\/wp-json\/wp\/v2\/types\/product"}],"replies":[{"embeddable":true,"href":"https:\/\/all-pets.de\/shop\/wp-json\/wp\/v2\/comments?post=51984"}],"wp:featuredmedia":[{"embeddable":true,"href":"https:\/\/all-pets.de\/shop\/wp-json\/wp\/v2\/media\/22015"}],"wp:attachment":[{"href":"https:\/\/all-pets.de\/shop\/wp-json\/wp\/v2\/media?parent=51984"}],"wp:term":[{"taxonomy":"product_cat","embeddable":true,"href":"https:\/\/all-pets.de\/shop\/wp-json\/wp\/v2\/product_cat?post=51984"},{"taxonomy":"product_tag","embeddable":true,"href":"https:\/\/all-pets.de\/shop\/wp-json\/wp\/v2\/product_tag?post=51984"}],"curies":[{"name":"wp","href":"https:\/\/api.w.org\/{rel}","templated":true}]}}