{"id":51990,"date":"2023-12-12T12:41:11","date_gmt":"2023-12-12T11:41:11","guid":{"rendered":"https:\/\/pet-shopping.de\/shop\/produkt\/karlie-latexspielzeug-einhorn-hellblau\/"},"modified":"2023-12-12T12:41:11","modified_gmt":"2023-12-12T11:41:11","slug":"karlie-latexspielzeug-einhorn-hellblau","status":"publish","type":"product","link":"https:\/\/all-pets.de\/shop\/produkt\/karlie-latexspielzeug-einhorn-hellblau\/","title":{"rendered":"Karlie Latexspielzeug Einhorn &#8211; hellblau"},"content":{"rendered":"<p>Die Hundespielzeuge aus Latex sorgen f\u00fcr jede Menge Spielspa\u00df f\u00fcr Hund und Halter. Die kleinen Einh\u00f6rner in Pastellt\u00f6nen sehen zudem einfach zauberhaft aus. Im Inneren verbirgt sich ein Squeaker, der zum Spiel animiert. Das verwendete Material ist weich und zahnfreundlich, sowie leicht zu reinigen.<\/p>\n<p>Farbe: hellblau<br \/> Gr\u00f6\u00dfe: ca. 7,5 x 7 x 11 cm<\/p>\n","protected":false},"excerpt":{"rendered":"<p>Die Hundespielzeuge aus Latex sorgen f\u00fcr jede Menge Spielspa\u00df f\u00fcr Hund und Halter. Die kleinen Einh\u00f6rner in Pastellt\u00f6nen sehen zudem einfach zauberhaft aus. Im Inneren verbirgt sich ein Squeaker, der zum Spiel animiert. Das verwendete Material ist weich und zahnfreundlich, sowie leicht zu reinigen. Farbe: hellblau Gr\u00f6\u00dfe: ca. 7,5 x 7 x 11 cm<\/p>\n","protected":false},"featured_media":22043,"comment_status":"closed","ping_status":"open","template":"","meta":[],"product_cat":[13748],"product_tag":[],"class_list":{"0":"post-51990","1":"product","2":"type-product","3":"status-publish","4":"has-post-thumbnail","6":"product_cat-squeeker","8":"first","9":"instock","10":"taxable","11":"shipping-taxable","12":"purchasable","13":"product-type-simple"},"_links":{"self":[{"href":"https:\/\/all-pets.de\/shop\/wp-json\/wp\/v2\/product\/51990","targetHints":{"allow":["GET"]}}],"collection":[{"href":"https:\/\/all-pets.de\/shop\/wp-json\/wp\/v2\/product"}],"about":[{"href":"https:\/\/all-pets.de\/shop\/wp-json\/wp\/v2\/types\/product"}],"replies":[{"embeddable":true,"href":"https:\/\/all-pets.de\/shop\/wp-json\/wp\/v2\/comments?post=51990"}],"wp:featuredmedia":[{"embeddable":true,"href":"https:\/\/all-pets.de\/shop\/wp-json\/wp\/v2\/media\/22043"}],"wp:attachment":[{"href":"https:\/\/all-pets.de\/shop\/wp-json\/wp\/v2\/media?parent=51990"}],"wp:term":[{"taxonomy":"product_cat","embeddable":true,"href":"https:\/\/all-pets.de\/shop\/wp-json\/wp\/v2\/product_cat?post=51990"},{"taxonomy":"product_tag","embeddable":true,"href":"https:\/\/all-pets.de\/shop\/wp-json\/wp\/v2\/product_tag?post=51990"}],"curies":[{"name":"wp","href":"https:\/\/api.w.org\/{rel}","templated":true}]}}