{"id":51998,"date":"2023-12-12T12:41:12","date_gmt":"2023-12-12T11:41:12","guid":{"rendered":"https:\/\/pet-shopping.de\/shop\/produkt\/karlie-buffalo-denim-leine-lavendel-100cm-22mm\/"},"modified":"2023-12-12T12:41:13","modified_gmt":"2023-12-12T11:41:13","slug":"karlie-buffalo-denim-leine-lavendel-100cm-22mm","status":"publish","type":"product","link":"https:\/\/all-pets.de\/shop\/produkt\/karlie-buffalo-denim-leine-lavendel-100cm-22mm\/","title":{"rendered":"Karlie BUFFALO DENIM Leine &#8211; Lavendel &#8211; 100cm \/ 22mm"},"content":{"rendered":"<p>Die edlen Buffalo Denim Leinen bestehen aus hochwertigem Kalbsleder. Es ist sorgf\u00e4ltig abgen\u00e4ht und gebuggt und mit verchromten Beschl\u00e4gen versehen. Da das Material wasserabweisend ist, hat die Leine eine besonders lange Lebensdauer.<\/p>\n<p>Farbe: lavendel<br \/> L\u00e4nge: ca. 100 cm<br \/> Breite: ca. 22 mm<\/p>\n","protected":false},"excerpt":{"rendered":"<p>Die edlen Buffalo Denim Leinen bestehen aus hochwertigem Kalbsleder. Es ist sorgf\u00e4ltig abgen\u00e4ht und gebuggt und mit verchromten Beschl\u00e4gen versehen. Da das Material wasserabweisend ist, hat die Leine eine besonders lange Lebensdauer. Farbe: lavendel L\u00e4nge: ca. 100 cm Breite: ca. 22 mm<\/p>\n","protected":false},"featured_media":22085,"comment_status":"closed","ping_status":"open","template":"","meta":[],"product_cat":[13749],"product_tag":[],"class_list":{"0":"post-51998","1":"product","2":"type-product","3":"status-publish","4":"has-post-thumbnail","6":"product_cat-lederleinen","8":"first","9":"instock","10":"taxable","11":"shipping-taxable","12":"purchasable","13":"product-type-simple"},"_links":{"self":[{"href":"https:\/\/all-pets.de\/shop\/wp-json\/wp\/v2\/product\/51998","targetHints":{"allow":["GET"]}}],"collection":[{"href":"https:\/\/all-pets.de\/shop\/wp-json\/wp\/v2\/product"}],"about":[{"href":"https:\/\/all-pets.de\/shop\/wp-json\/wp\/v2\/types\/product"}],"replies":[{"embeddable":true,"href":"https:\/\/all-pets.de\/shop\/wp-json\/wp\/v2\/comments?post=51998"}],"wp:featuredmedia":[{"embeddable":true,"href":"https:\/\/all-pets.de\/shop\/wp-json\/wp\/v2\/media\/22085"}],"wp:attachment":[{"href":"https:\/\/all-pets.de\/shop\/wp-json\/wp\/v2\/media?parent=51998"}],"wp:term":[{"taxonomy":"product_cat","embeddable":true,"href":"https:\/\/all-pets.de\/shop\/wp-json\/wp\/v2\/product_cat?post=51998"},{"taxonomy":"product_tag","embeddable":true,"href":"https:\/\/all-pets.de\/shop\/wp-json\/wp\/v2\/product_tag?post=51998"}],"curies":[{"name":"wp","href":"https:\/\/api.w.org\/{rel}","templated":true}]}}