{"id":52007,"date":"2023-12-12T12:41:14","date_gmt":"2023-12-12T11:41:14","guid":{"rendered":"https:\/\/pet-shopping.de\/shop\/produkt\/trixie-weidenbruecke-geflochten-gross\/"},"modified":"2023-12-12T12:41:15","modified_gmt":"2023-12-12T11:41:15","slug":"trixie-weidenbruecke-geflochten-gross","status":"publish","type":"product","link":"https:\/\/all-pets.de\/shop\/produkt\/trixie-weidenbruecke-geflochten-gross\/","title":{"rendered":"Trixie Weidenbr\u00fccke, geflochten &#8211; Gro\u00df"},"content":{"rendered":"<p>Diese neuartige geflochtene Weidenbr\u00fccke f\u00fcr Nager und Kleintiere besteht aus 100% Naturmaterialien und bringt Stil in jedes Nagerheim.<\/p>\n<p>In dieser Gr\u00f6\u00dfe eignet sich die Br\u00fccke f\u00fcr Zwergkaninchen und \u00e4hnlich gro\u00dfe Nager. <\/p>\n<p>Ma\u00dfe: ca. 30 x 16 x 30 cm<\/p>\n<p>Achtung: Da es sich um ein Naturprodukt handelt, kann die Gr\u00f6\u00dfe leicht von den angegebenen Ma\u00dfen abweichen!<\/p>\n","protected":false},"excerpt":{"rendered":"<p>Diese neuartige geflochtene Weidenbr\u00fccke f\u00fcr Nager und Kleintiere besteht aus 100% Naturmaterialien und bringt Stil in jedes Nagerheim. In dieser Gr\u00f6\u00dfe eignet sich die Br\u00fccke f\u00fcr Zwergkaninchen und \u00e4hnlich gro\u00dfe Nager. Ma\u00dfe: ca. 30 x 16 x 30 cm Achtung: Da es sich um ein Naturprodukt handelt, kann die Gr\u00f6\u00dfe leicht von den angegebenen Ma\u00dfen [&hellip;]<\/p>\n","protected":false},"featured_media":22147,"comment_status":"closed","ping_status":"open","template":"","meta":[],"product_cat":[14284],"product_tag":[],"class_list":{"0":"post-52007","1":"product","2":"type-product","3":"status-publish","4":"has-post-thumbnail","6":"product_cat-tunnel-hoehlen-bruecken-ausstattung-zubehoer-kleintierwelt","8":"first","9":"instock","10":"taxable","11":"shipping-taxable","12":"purchasable","13":"product-type-simple"},"_links":{"self":[{"href":"https:\/\/all-pets.de\/shop\/wp-json\/wp\/v2\/product\/52007","targetHints":{"allow":["GET"]}}],"collection":[{"href":"https:\/\/all-pets.de\/shop\/wp-json\/wp\/v2\/product"}],"about":[{"href":"https:\/\/all-pets.de\/shop\/wp-json\/wp\/v2\/types\/product"}],"replies":[{"embeddable":true,"href":"https:\/\/all-pets.de\/shop\/wp-json\/wp\/v2\/comments?post=52007"}],"wp:featuredmedia":[{"embeddable":true,"href":"https:\/\/all-pets.de\/shop\/wp-json\/wp\/v2\/media\/22147"}],"wp:attachment":[{"href":"https:\/\/all-pets.de\/shop\/wp-json\/wp\/v2\/media?parent=52007"}],"wp:term":[{"taxonomy":"product_cat","embeddable":true,"href":"https:\/\/all-pets.de\/shop\/wp-json\/wp\/v2\/product_cat?post=52007"},{"taxonomy":"product_tag","embeddable":true,"href":"https:\/\/all-pets.de\/shop\/wp-json\/wp\/v2\/product_tag?post=52007"}],"curies":[{"name":"wp","href":"https:\/\/api.w.org\/{rel}","templated":true}]}}