{"id":52012,"date":"2023-12-12T12:41:14","date_gmt":"2023-12-12T11:41:14","guid":{"rendered":"https:\/\/pet-shopping.de\/shop\/produkt\/trixie-transportbox-capri-i-gruen\/"},"modified":"2023-12-12T12:41:15","modified_gmt":"2023-12-12T11:41:15","slug":"trixie-transportbox-capri-i-gruen","status":"publish","type":"product","link":"https:\/\/all-pets.de\/shop\/produkt\/trixie-transportbox-capri-i-gruen\/","title":{"rendered":"Trixie Transportbox Capri I &#8211; gr\u00fcn"},"content":{"rendered":"<div class=\"itemDescriptions\">&#8211; Transportbox aus Kunststoff<br \/> &#8211; mit Befestigungsvorrichtung f\u00fcr Autosicherheitsgurt<br \/> &#8211; Bel\u00fcftungsschlitze sorgen f\u00fcr optimale Luftzirkulation<br \/> &#8211; mit Tragegriff<br \/> &#8211; Ma\u00dfe: ca. 32 x 31 x 48 cm<br \/> &#8211; Geeignet f\u00fcr alle Tiere bis ca. 6 kg K\u00f6rpergewicht<\/p>\n<p> Farbe: gr\u00fcn<\/p><\/div>\n","protected":false},"excerpt":{"rendered":"<p>&#8211; Transportbox aus Kunststoff &#8211; mit Befestigungsvorrichtung f\u00fcr Autosicherheitsgurt &#8211; Bel\u00fcftungsschlitze sorgen f\u00fcr optimale Luftzirkulation &#8211; mit Tragegriff &#8211; Ma\u00dfe: ca. 32 x 31 x 48 cm &#8211; Geeignet f\u00fcr alle Tiere bis ca. 6 kg K\u00f6rpergewicht Farbe: gr\u00fcn<\/p>\n","protected":false},"featured_media":22192,"comment_status":"closed","ping_status":"open","template":"","meta":[],"product_cat":[14216],"product_tag":[],"class_list":{"0":"post-52012","1":"product","2":"type-product","3":"status-publish","4":"has-post-thumbnail","6":"product_cat-kleintier-transportboxen-transport-katzentransportboxenkleintierwelt-katzentransport-reise-transportboxenkatzenwelt-reise-transport","8":"first","9":"instock","10":"taxable","11":"shipping-taxable","12":"purchasable","13":"product-type-simple"},"_links":{"self":[{"href":"https:\/\/all-pets.de\/shop\/wp-json\/wp\/v2\/product\/52012","targetHints":{"allow":["GET"]}}],"collection":[{"href":"https:\/\/all-pets.de\/shop\/wp-json\/wp\/v2\/product"}],"about":[{"href":"https:\/\/all-pets.de\/shop\/wp-json\/wp\/v2\/types\/product"}],"replies":[{"embeddable":true,"href":"https:\/\/all-pets.de\/shop\/wp-json\/wp\/v2\/comments?post=52012"}],"wp:featuredmedia":[{"embeddable":true,"href":"https:\/\/all-pets.de\/shop\/wp-json\/wp\/v2\/media\/22192"}],"wp:attachment":[{"href":"https:\/\/all-pets.de\/shop\/wp-json\/wp\/v2\/media?parent=52012"}],"wp:term":[{"taxonomy":"product_cat","embeddable":true,"href":"https:\/\/all-pets.de\/shop\/wp-json\/wp\/v2\/product_cat?post=52012"},{"taxonomy":"product_tag","embeddable":true,"href":"https:\/\/all-pets.de\/shop\/wp-json\/wp\/v2\/product_tag?post=52012"}],"curies":[{"name":"wp","href":"https:\/\/api.w.org\/{rel}","templated":true}]}}