{"id":52021,"date":"2023-12-12T12:41:17","date_gmt":"2023-12-12T11:41:17","guid":{"rendered":"https:\/\/pet-shopping.de\/shop\/produkt\/trixie-reisenapf-aus-tpe-2-l-o-22-cm\/"},"modified":"2023-12-12T12:41:18","modified_gmt":"2023-12-12T11:41:18","slug":"trixie-reisenapf-aus-tpe-2-l-o-22-cm","status":"publish","type":"product","link":"https:\/\/all-pets.de\/shop\/produkt\/trixie-reisenapf-aus-tpe-2-l-o-22-cm\/","title":{"rendered":"Trixie Reisenapf aus TPE &#8211; 2 l\/\u00f8 22 cm"},"content":{"rendered":"<p>Faltbarer Reisenapf aus TPE. Mikrowellen- und Sp\u00fclmaschinengeeignet.<\/p>\n<p>Fassungverm\u00f6gen: ca. 2 l<\/p>\n<p>Durchmesser: ca. 22 cm<\/p>\n<p>Diverse Fraben. Eine Farbwahl ist leider nicht m\u00f6glich, da die Farbe je nach Lagerbestand gew\u00e4hlt wird.<\/p>\n","protected":false},"excerpt":{"rendered":"<p>Faltbarer Reisenapf aus TPE. Mikrowellen- und Sp\u00fclmaschinengeeignet. Fassungverm\u00f6gen: ca. 2 l Durchmesser: ca. 22 cm Diverse Fraben. Eine Farbwahl ist leider nicht m\u00f6glich, da die Farbe je nach Lagerbestand gew\u00e4hlt wird.<\/p>\n","protected":false},"featured_media":52022,"comment_status":"closed","ping_status":"open","template":"","meta":[],"product_cat":[15579],"product_tag":[],"class_list":{"0":"post-52021","1":"product","2":"type-product","3":"status-publish","4":"has-post-thumbnail","6":"product_cat-reisenaepfe-katzennaepfe-traenken-reisenaepfe-katzenwelt-hundenaepfe-traenken-reisenaepfe-fuer-hundehundewelt-reise-transport-reisenaepfehundewelt-katzentransport-reise-reisenaepfekatzenwelt-unterwegs","8":"first","9":"instock","10":"taxable","11":"shipping-taxable","12":"purchasable","13":"product-type-simple"},"_links":{"self":[{"href":"https:\/\/all-pets.de\/shop\/wp-json\/wp\/v2\/product\/52021","targetHints":{"allow":["GET"]}}],"collection":[{"href":"https:\/\/all-pets.de\/shop\/wp-json\/wp\/v2\/product"}],"about":[{"href":"https:\/\/all-pets.de\/shop\/wp-json\/wp\/v2\/types\/product"}],"replies":[{"embeddable":true,"href":"https:\/\/all-pets.de\/shop\/wp-json\/wp\/v2\/comments?post=52021"}],"wp:featuredmedia":[{"embeddable":true,"href":"https:\/\/all-pets.de\/shop\/wp-json\/wp\/v2\/media\/52022"}],"wp:attachment":[{"href":"https:\/\/all-pets.de\/shop\/wp-json\/wp\/v2\/media?parent=52021"}],"wp:term":[{"taxonomy":"product_cat","embeddable":true,"href":"https:\/\/all-pets.de\/shop\/wp-json\/wp\/v2\/product_cat?post=52021"},{"taxonomy":"product_tag","embeddable":true,"href":"https:\/\/all-pets.de\/shop\/wp-json\/wp\/v2\/product_tag?post=52021"}],"curies":[{"name":"wp","href":"https:\/\/api.w.org\/{rel}","templated":true}]}}