{"id":52026,"date":"2023-12-12T12:41:17","date_gmt":"2023-12-12T11:41:17","guid":{"rendered":"https:\/\/pet-shopping.de\/shop\/produkt\/trixie-universal-pflegetuecher-30-st\/"},"modified":"2023-12-12T12:41:19","modified_gmt":"2023-12-12T11:41:19","slug":"trixie-universal-pflegetuecher-30-st","status":"publish","type":"product","link":"https:\/\/all-pets.de\/shop\/produkt\/trixie-universal-pflegetuecher-30-st\/","title":{"rendered":"Trixie Universal-Pfleget\u00fccher &#8211; 30 St."},"content":{"rendered":"<p>Die Universal-Pfleget\u00fccher bieten milde Pflege f\u00fcr Haut und Fell f\u00fcr Hunde, Katzen und andere Kleintiere.<\/p>\n<p>Sie besitzen eine starke Reinigungskraft und einen angenehmen Geruch. Mit entz\u00fcndungshemmender Aloe-Vera. <\/p>\n<p>Praktisch in der wiederverschlie\u00dfbaren Dose.<\/p>\n<p>Inhalt: 30 St\u00fcck<\/p>\n","protected":false},"excerpt":{"rendered":"<p>Die Universal-Pfleget\u00fccher bieten milde Pflege f\u00fcr Haut und Fell f\u00fcr Hunde, Katzen und andere Kleintiere. Sie besitzen eine starke Reinigungskraft und einen angenehmen Geruch. Mit entz\u00fcndungshemmender Aloe-Vera. Praktisch in der wiederverschlie\u00dfbaren Dose. Inhalt: 30 St\u00fcck<\/p>\n","protected":false},"featured_media":22215,"comment_status":"closed","ping_status":"open","template":"","meta":[],"product_cat":[15581],"product_tag":[],"class_list":{"0":"post-52026","1":"product","2":"type-product","3":"status-publish","4":"has-post-thumbnail","6":"product_cat-hundetoiletten-hygiene-pflege-gesundheit-hygiene-reinigunghundewelt-reinigen-trocknenkleintierwelt","8":"first","9":"instock","10":"taxable","11":"shipping-taxable","12":"purchasable","13":"product-type-simple"},"_links":{"self":[{"href":"https:\/\/all-pets.de\/shop\/wp-json\/wp\/v2\/product\/52026","targetHints":{"allow":["GET"]}}],"collection":[{"href":"https:\/\/all-pets.de\/shop\/wp-json\/wp\/v2\/product"}],"about":[{"href":"https:\/\/all-pets.de\/shop\/wp-json\/wp\/v2\/types\/product"}],"replies":[{"embeddable":true,"href":"https:\/\/all-pets.de\/shop\/wp-json\/wp\/v2\/comments?post=52026"}],"wp:featuredmedia":[{"embeddable":true,"href":"https:\/\/all-pets.de\/shop\/wp-json\/wp\/v2\/media\/22215"}],"wp:attachment":[{"href":"https:\/\/all-pets.de\/shop\/wp-json\/wp\/v2\/media?parent=52026"}],"wp:term":[{"taxonomy":"product_cat","embeddable":true,"href":"https:\/\/all-pets.de\/shop\/wp-json\/wp\/v2\/product_cat?post=52026"},{"taxonomy":"product_tag","embeddable":true,"href":"https:\/\/all-pets.de\/shop\/wp-json\/wp\/v2\/product_tag?post=52026"}],"curies":[{"name":"wp","href":"https:\/\/api.w.org\/{rel}","templated":true}]}}