{"id":52044,"date":"2023-12-12T12:41:21","date_gmt":"2023-12-12T11:41:21","guid":{"rendered":"https:\/\/pet-shopping.de\/shop\/produkt\/trixie-kratzbaum-badalona-beige\/"},"modified":"2023-12-12T12:41:22","modified_gmt":"2023-12-12T11:41:22","slug":"trixie-kratzbaum-badalona-beige","status":"publish","type":"product","link":"https:\/\/all-pets.de\/shop\/produkt\/trixie-kratzbaum-badalona-beige\/","title":{"rendered":"Trixie Kratzbaum Badalona &#8211; Beige"},"content":{"rendered":"<p>Der Kratzbaum Badalona von Trixie besteht aus einer H\u00f6hle, zwei Liegefl\u00e4chen und 2 Sisalst\u00e4mmen und bietet somit alles, was das Katzenherz begehrt. Er ist mit weichem Pl\u00fcsch bezogen und mit einer zus\u00e4tzlichen Pl\u00fcscheinlage in der H\u00f6hle ausgestattet, damit sich jede Katze dort pudelwohl f\u00fchlt. Die H\u00f6hle ist mit einem niedlichen Pfotenabdruck verziehrt.<\/p>\n<p>Grundfl\u00e4che: ca. 37 x 37 cm<br \/> H\u00f6he: ca. 109 cm<br \/> Stammdurchmesser: ca. 9 cm<\/p>\n<p>Farbe: Beige<\/p>\n","protected":false},"excerpt":{"rendered":"<p>Der Kratzbaum Badalona von Trixie besteht aus einer H\u00f6hle, zwei Liegefl\u00e4chen und 2 Sisalst\u00e4mmen und bietet somit alles, was das Katzenherz begehrt. Er ist mit weichem Pl\u00fcsch bezogen und mit einer zus\u00e4tzlichen Pl\u00fcscheinlage in der H\u00f6hle ausgestattet, damit sich jede Katze dort pudelwohl f\u00fchlt. Die H\u00f6hle ist mit einem niedlichen Pfotenabdruck verziehrt. Grundfl\u00e4che: ca. 37 [&hellip;]<\/p>\n","protected":false},"featured_media":22312,"comment_status":"closed","ping_status":"open","template":"","meta":[],"product_cat":[14269],"product_tag":[],"class_list":{"0":"post-52044","1":"product","2":"type-product","3":"status-publish","4":"has-post-thumbnail","6":"product_cat-kratzbaeume-moebel-bis-100-cmkatzenwelt-kratzbaeume-moebel-bis-175-cmkatzenwelt","8":"first","9":"instock","10":"taxable","11":"shipping-taxable","12":"purchasable","13":"product-type-simple"},"_links":{"self":[{"href":"https:\/\/all-pets.de\/shop\/wp-json\/wp\/v2\/product\/52044","targetHints":{"allow":["GET"]}}],"collection":[{"href":"https:\/\/all-pets.de\/shop\/wp-json\/wp\/v2\/product"}],"about":[{"href":"https:\/\/all-pets.de\/shop\/wp-json\/wp\/v2\/types\/product"}],"replies":[{"embeddable":true,"href":"https:\/\/all-pets.de\/shop\/wp-json\/wp\/v2\/comments?post=52044"}],"wp:featuredmedia":[{"embeddable":true,"href":"https:\/\/all-pets.de\/shop\/wp-json\/wp\/v2\/media\/22312"}],"wp:attachment":[{"href":"https:\/\/all-pets.de\/shop\/wp-json\/wp\/v2\/media?parent=52044"}],"wp:term":[{"taxonomy":"product_cat","embeddable":true,"href":"https:\/\/all-pets.de\/shop\/wp-json\/wp\/v2\/product_cat?post=52044"},{"taxonomy":"product_tag","embeddable":true,"href":"https:\/\/all-pets.de\/shop\/wp-json\/wp\/v2\/product_tag?post=52044"}],"curies":[{"name":"wp","href":"https:\/\/api.w.org\/{rel}","templated":true}]}}