{"id":52046,"date":"2023-12-12T12:41:21","date_gmt":"2023-12-12T11:41:21","guid":{"rendered":"https:\/\/pet-shopping.de\/shop\/produkt\/trixie-neutral-shampoo-250-ml\/"},"modified":"2023-12-12T12:41:22","modified_gmt":"2023-12-12T11:41:22","slug":"trixie-neutral-shampoo-250-ml","status":"publish","type":"product","link":"https:\/\/all-pets.de\/shop\/produkt\/trixie-neutral-shampoo-250-ml\/","title":{"rendered":"Trixie Neutral-Shampoo &#8211; 250 ml"},"content":{"rendered":"<ul>\n<li> f\u00fcr Hunde und Katzen <\/li>\n<li> besonders milde Pflege f\u00fcr ein sch\u00f6nes Fell <\/li>\n<li>Inhalt: 250 ml<\/li>\n<\/ul>\n","protected":false},"excerpt":{"rendered":"<p>f\u00fcr Hunde und Katzen besonders milde Pflege f\u00fcr ein sch\u00f6nes Fell Inhalt: 250 ml<\/p>\n","protected":false},"featured_media":22318,"comment_status":"closed","ping_status":"open","template":"","meta":[],"product_cat":[14894],"product_tag":[],"class_list":{"0":"post-52046","1":"product","2":"type-product","3":"status-publish","4":"has-post-thumbnail","6":"product_cat-shampoos-fellpflege-pflege-gesundheit-shampooshundewelt-fellpflege-pflege-gesundheit-katzenwelt","8":"first","9":"instock","10":"taxable","11":"shipping-taxable","12":"purchasable","13":"product-type-simple"},"_links":{"self":[{"href":"https:\/\/all-pets.de\/shop\/wp-json\/wp\/v2\/product\/52046","targetHints":{"allow":["GET"]}}],"collection":[{"href":"https:\/\/all-pets.de\/shop\/wp-json\/wp\/v2\/product"}],"about":[{"href":"https:\/\/all-pets.de\/shop\/wp-json\/wp\/v2\/types\/product"}],"replies":[{"embeddable":true,"href":"https:\/\/all-pets.de\/shop\/wp-json\/wp\/v2\/comments?post=52046"}],"wp:featuredmedia":[{"embeddable":true,"href":"https:\/\/all-pets.de\/shop\/wp-json\/wp\/v2\/media\/22318"}],"wp:attachment":[{"href":"https:\/\/all-pets.de\/shop\/wp-json\/wp\/v2\/media?parent=52046"}],"wp:term":[{"taxonomy":"product_cat","embeddable":true,"href":"https:\/\/all-pets.de\/shop\/wp-json\/wp\/v2\/product_cat?post=52046"},{"taxonomy":"product_tag","embeddable":true,"href":"https:\/\/all-pets.de\/shop\/wp-json\/wp\/v2\/product_tag?post=52046"}],"curies":[{"name":"wp","href":"https:\/\/api.w.org\/{rel}","templated":true}]}}