{"id":52047,"date":"2023-12-12T12:41:21","date_gmt":"2023-12-12T11:41:21","guid":{"rendered":"https:\/\/pet-shopping.de\/shop\/produkt\/trixie-kratzbaum-san-fernando-beige\/"},"modified":"2023-12-12T12:41:23","modified_gmt":"2023-12-12T11:41:23","slug":"trixie-kratzbaum-san-fernando-beige","status":"publish","type":"product","link":"https:\/\/all-pets.de\/shop\/produkt\/trixie-kratzbaum-san-fernando-beige\/","title":{"rendered":"Trixie Kratzbaum San Fernando &#8211; Beige"},"content":{"rendered":"<p>Der Trixie Kratzbaum San Fernando bietet alles, was das Katzenherz begehrt. Die Liegefl\u00e4chen des Kratzbaums sind mit weichem Pl\u00fcsch bezogen, die St\u00e4mme mit natursisal umwickelt. Eine weich gepolsterte Liegefl\u00e4che bietet einen gem\u00fctlichen Schlafplatz, w\u00e4hrend das Spielzeug am Gummiband f\u00fcr Spielspa\u00df sorgt. Die kuschelige R\u00fcckzugsh\u00f6hle ist komplett mit Fleece ausgestattet.<\/p>\n<p>Grundfl\u00e4che: ca. 36 x 36 cm<br \/> Stammdurchmesser: ca. 9 cm<br \/> H\u00f6he: ca. 106 cm<\/p>\n<p>Farbe: Beige<\/p>\n","protected":false},"excerpt":{"rendered":"<p>Der Trixie Kratzbaum San Fernando bietet alles, was das Katzenherz begehrt. Die Liegefl\u00e4chen des Kratzbaums sind mit weichem Pl\u00fcsch bezogen, die St\u00e4mme mit natursisal umwickelt. Eine weich gepolsterte Liegefl\u00e4che bietet einen gem\u00fctlichen Schlafplatz, w\u00e4hrend das Spielzeug am Gummiband f\u00fcr Spielspa\u00df sorgt. Die kuschelige R\u00fcckzugsh\u00f6hle ist komplett mit Fleece ausgestattet. Grundfl\u00e4che: ca. 36 x 36 cm [&hellip;]<\/p>\n","protected":false},"featured_media":22335,"comment_status":"closed","ping_status":"open","template":"","meta":[],"product_cat":[14269],"product_tag":[],"class_list":{"0":"post-52047","1":"product","2":"type-product","3":"status-publish","4":"has-post-thumbnail","6":"product_cat-kratzbaeume-moebel-bis-100-cmkatzenwelt-kratzbaeume-moebel-bis-175-cmkatzenwelt","8":"first","9":"instock","10":"taxable","11":"shipping-taxable","12":"purchasable","13":"product-type-simple"},"_links":{"self":[{"href":"https:\/\/all-pets.de\/shop\/wp-json\/wp\/v2\/product\/52047","targetHints":{"allow":["GET"]}}],"collection":[{"href":"https:\/\/all-pets.de\/shop\/wp-json\/wp\/v2\/product"}],"about":[{"href":"https:\/\/all-pets.de\/shop\/wp-json\/wp\/v2\/types\/product"}],"replies":[{"embeddable":true,"href":"https:\/\/all-pets.de\/shop\/wp-json\/wp\/v2\/comments?post=52047"}],"wp:featuredmedia":[{"embeddable":true,"href":"https:\/\/all-pets.de\/shop\/wp-json\/wp\/v2\/media\/22335"}],"wp:attachment":[{"href":"https:\/\/all-pets.de\/shop\/wp-json\/wp\/v2\/media?parent=52047"}],"wp:term":[{"taxonomy":"product_cat","embeddable":true,"href":"https:\/\/all-pets.de\/shop\/wp-json\/wp\/v2\/product_cat?post=52047"},{"taxonomy":"product_tag","embeddable":true,"href":"https:\/\/all-pets.de\/shop\/wp-json\/wp\/v2\/product_tag?post=52047"}],"curies":[{"name":"wp","href":"https:\/\/api.w.org\/{rel}","templated":true}]}}