{"id":52049,"date":"2023-12-12T12:41:21","date_gmt":"2023-12-12T11:41:21","guid":{"rendered":"https:\/\/pet-shopping.de\/shop\/produkt\/trixie-kratzbaum-zamora-beige\/"},"modified":"2023-12-12T12:41:23","modified_gmt":"2023-12-12T11:41:23","slug":"trixie-kratzbaum-zamora-beige","status":"publish","type":"product","link":"https:\/\/all-pets.de\/shop\/produkt\/trixie-kratzbaum-zamora-beige\/","title":{"rendered":"Trixie Kratzbaum Zamora &#8211; Beige"},"content":{"rendered":"<p>&#8211; speziell f\u00fcr K\u00e4tzchen<br \/> &#8211; mit Pl\u00fcsch-Bezug<br \/> &#8211; Stamm mit Natursisal umwickelt<br \/> &#8211; H\u00f6hle mit Pl\u00fcscheinlage<br \/> &#8211; Grundfl\u00e4che: ca. 31 x 31 cm<br \/> &#8211; Stammdurchmesser: ca. 6 cm<br \/> &#8211; H\u00f6he: ca. 61 cm<br \/> &#8211; Farbe: Beige<\/p>\n","protected":false},"excerpt":{"rendered":"<p>&#8211; speziell f\u00fcr K\u00e4tzchen &#8211; mit Pl\u00fcsch-Bezug &#8211; Stamm mit Natursisal umwickelt &#8211; H\u00f6hle mit Pl\u00fcscheinlage &#8211; Grundfl\u00e4che: ca. 31 x 31 cm &#8211; Stammdurchmesser: ca. 6 cm &#8211; H\u00f6he: ca. 61 cm &#8211; Farbe: Beige<\/p>\n","protected":false},"featured_media":22348,"comment_status":"closed","ping_status":"open","template":"","meta":[],"product_cat":[13704],"product_tag":[],"class_list":{"0":"post-52049","1":"product","2":"type-product","3":"status-publish","4":"has-post-thumbnail","6":"product_cat-kratzbaeume-moebel-bis-100-cmkatzenwelt","8":"first","9":"instock","10":"taxable","11":"shipping-taxable","12":"purchasable","13":"product-type-simple"},"_links":{"self":[{"href":"https:\/\/all-pets.de\/shop\/wp-json\/wp\/v2\/product\/52049","targetHints":{"allow":["GET"]}}],"collection":[{"href":"https:\/\/all-pets.de\/shop\/wp-json\/wp\/v2\/product"}],"about":[{"href":"https:\/\/all-pets.de\/shop\/wp-json\/wp\/v2\/types\/product"}],"replies":[{"embeddable":true,"href":"https:\/\/all-pets.de\/shop\/wp-json\/wp\/v2\/comments?post=52049"}],"wp:featuredmedia":[{"embeddable":true,"href":"https:\/\/all-pets.de\/shop\/wp-json\/wp\/v2\/media\/22348"}],"wp:attachment":[{"href":"https:\/\/all-pets.de\/shop\/wp-json\/wp\/v2\/media?parent=52049"}],"wp:term":[{"taxonomy":"product_cat","embeddable":true,"href":"https:\/\/all-pets.de\/shop\/wp-json\/wp\/v2\/product_cat?post=52049"},{"taxonomy":"product_tag","embeddable":true,"href":"https:\/\/all-pets.de\/shop\/wp-json\/wp\/v2\/product_tag?post=52049"}],"curies":[{"name":"wp","href":"https:\/\/api.w.org\/{rel}","templated":true}]}}