{"id":52055,"date":"2023-12-12T12:41:24","date_gmt":"2023-12-12T11:41:24","guid":{"rendered":"https:\/\/pet-shopping.de\/shop\/produkt\/trixie-traenke-mit-schraubbefestigung-250-ml\/"},"modified":"2023-12-12T12:41:25","modified_gmt":"2023-12-12T11:41:25","slug":"trixie-traenke-mit-schraubbefestigung-250-ml","status":"publish","type":"product","link":"https:\/\/all-pets.de\/shop\/produkt\/trixie-traenke-mit-schraubbefestigung-250-ml\/","title":{"rendered":"Trixie Tr\u00e4nke mit Schraubbefestigung &#8211; 250 ml"},"content":{"rendered":"<ul>\n<li>Schraubbefestigung erm\u00f6glicht schnelle Wasserwechsel ohne Abnahme des Halters<\/li>\n<li>Befestigung am K\u00e4figgitter oder zur Wandmontage<\/li>\n<li>mit Kugelverschluss<\/li>\n<li>einfache Wasserstandskontrolle durch transparenten Beh\u00e4lter<\/li>\n<li>Trinkr\u00f6hrchen aus Edelstahl<\/li>\n<li>diverse Farben (Eine Farbwahl ist leider nicht m\u00f6glich, da die Farbe je nach Lagerbestand gew\u00e4hlt wird.)<\/li>\n<li>Fassungsverm\u00f6gen: ca. 250 ml<\/li>\n<\/ul>\n","protected":false},"excerpt":{"rendered":"<p>Schraubbefestigung erm\u00f6glicht schnelle Wasserwechsel ohne Abnahme des Halters Befestigung am K\u00e4figgitter oder zur Wandmontage mit Kugelverschluss einfache Wasserstandskontrolle durch transparenten Beh\u00e4lter Trinkr\u00f6hrchen aus Edelstahl diverse Farben (Eine Farbwahl ist leider nicht m\u00f6glich, da die Farbe je nach Lagerbestand gew\u00e4hlt wird.) Fassungsverm\u00f6gen: ca. 250 ml<\/p>\n","protected":false},"featured_media":52056,"comment_status":"closed","ping_status":"open","template":"","meta":[],"product_cat":[14055],"product_tag":[],"class_list":{"0":"post-52055","1":"product","2":"type-product","3":"status-publish","4":"has-post-thumbnail","6":"product_cat-kleintiertraenken","8":"first","9":"instock","10":"taxable","11":"shipping-taxable","12":"purchasable","13":"product-type-simple"},"_links":{"self":[{"href":"https:\/\/all-pets.de\/shop\/wp-json\/wp\/v2\/product\/52055","targetHints":{"allow":["GET"]}}],"collection":[{"href":"https:\/\/all-pets.de\/shop\/wp-json\/wp\/v2\/product"}],"about":[{"href":"https:\/\/all-pets.de\/shop\/wp-json\/wp\/v2\/types\/product"}],"replies":[{"embeddable":true,"href":"https:\/\/all-pets.de\/shop\/wp-json\/wp\/v2\/comments?post=52055"}],"wp:featuredmedia":[{"embeddable":true,"href":"https:\/\/all-pets.de\/shop\/wp-json\/wp\/v2\/media\/52056"}],"wp:attachment":[{"href":"https:\/\/all-pets.de\/shop\/wp-json\/wp\/v2\/media?parent=52055"}],"wp:term":[{"taxonomy":"product_cat","embeddable":true,"href":"https:\/\/all-pets.de\/shop\/wp-json\/wp\/v2\/product_cat?post=52055"},{"taxonomy":"product_tag","embeddable":true,"href":"https:\/\/all-pets.de\/shop\/wp-json\/wp\/v2\/product_tag?post=52055"}],"curies":[{"name":"wp","href":"https:\/\/api.w.org\/{rel}","templated":true}]}}