{"id":52063,"date":"2023-12-12T12:41:24","date_gmt":"2023-12-12T11:41:24","guid":{"rendered":"https:\/\/pet-shopping.de\/shop\/produkt\/trixie-kratzbaum-altea-platingrau\/"},"modified":"2023-12-12T12:41:26","modified_gmt":"2023-12-12T11:41:26","slug":"trixie-kratzbaum-altea-platingrau","status":"publish","type":"product","link":"https:\/\/all-pets.de\/shop\/produkt\/trixie-kratzbaum-altea-platingrau\/","title":{"rendered":"Trixie Kratzbaum Altea &#8211; Platingrau"},"content":{"rendered":"<p>&#8211; mit Pl\u00fcsch-Bezug<br \/> &#8211; St\u00e4mme mit Natursisal umwickelt<br \/> &#8211; gepolsterte Liegeplatte<br \/> &#8211; mit Spielzeug am Gummiband<br \/> &#8211; Grundfl\u00e4che: ca. 40 x 40 cm<br \/> &#8211; Stammdurchmesser: ca. 9 cm<br \/> &#8211; H\u00f6he: ca. 117 cm<br \/> &#8211; Farbe: Platingrau<\/p>\n","protected":false},"excerpt":{"rendered":"<p>&#8211; mit Pl\u00fcsch-Bezug &#8211; St\u00e4mme mit Natursisal umwickelt &#8211; gepolsterte Liegeplatte &#8211; mit Spielzeug am Gummiband &#8211; Grundfl\u00e4che: ca. 40 x 40 cm &#8211; Stammdurchmesser: ca. 9 cm &#8211; H\u00f6he: ca. 117 cm &#8211; Farbe: Platingrau<\/p>\n","protected":false},"featured_media":22385,"comment_status":"closed","ping_status":"open","template":"","meta":[],"product_cat":[13784],"product_tag":[],"class_list":{"0":"post-52063","1":"product","2":"type-product","3":"status-publish","4":"has-post-thumbnail","6":"product_cat-kratzbaeume-moebel-bis-175-cmkatzenwelt","8":"first","9":"instock","10":"taxable","11":"shipping-taxable","12":"purchasable","13":"product-type-simple"},"_links":{"self":[{"href":"https:\/\/all-pets.de\/shop\/wp-json\/wp\/v2\/product\/52063","targetHints":{"allow":["GET"]}}],"collection":[{"href":"https:\/\/all-pets.de\/shop\/wp-json\/wp\/v2\/product"}],"about":[{"href":"https:\/\/all-pets.de\/shop\/wp-json\/wp\/v2\/types\/product"}],"replies":[{"embeddable":true,"href":"https:\/\/all-pets.de\/shop\/wp-json\/wp\/v2\/comments?post=52063"}],"wp:featuredmedia":[{"embeddable":true,"href":"https:\/\/all-pets.de\/shop\/wp-json\/wp\/v2\/media\/22385"}],"wp:attachment":[{"href":"https:\/\/all-pets.de\/shop\/wp-json\/wp\/v2\/media?parent=52063"}],"wp:term":[{"taxonomy":"product_cat","embeddable":true,"href":"https:\/\/all-pets.de\/shop\/wp-json\/wp\/v2\/product_cat?post=52063"},{"taxonomy":"product_tag","embeddable":true,"href":"https:\/\/all-pets.de\/shop\/wp-json\/wp\/v2\/product_tag?post=52063"}],"curies":[{"name":"wp","href":"https:\/\/api.w.org\/{rel}","templated":true}]}}