{"id":52066,"date":"2023-12-12T12:41:24","date_gmt":"2023-12-12T11:41:24","guid":{"rendered":"https:\/\/pet-shopping.de\/shop\/produkt\/trixie-auto-sicherheitsgeschirr-dog-protect-s-m-40-55-cm\/"},"modified":"2023-12-12T12:41:26","modified_gmt":"2023-12-12T11:41:26","slug":"trixie-auto-sicherheitsgeschirr-dog-protect-s-m-40-55-cm","status":"publish","type":"product","link":"https:\/\/all-pets.de\/shop\/produkt\/trixie-auto-sicherheitsgeschirr-dog-protect-s-m-40-55-cm\/","title":{"rendered":"Trixie Auto-Sicherheitsgeschirr Dog Protect &#8211; S-M: 40-55 cm"},"content":{"rendered":"<p>Mit dem Auto-Sicherheitsgeschirr Dog Protect vom Hersteller Trixie transportieren Sie Ihren Hund sicher und einfach im Auto. Das Geschirr besteht aus festem, aber trotzdem weichem Nylongewebe und ist besonders stabil und sicher.<\/p>\n<p>Das Sicherheisgeschirr ist auch als F\u00fchrgeschirr verwendbar. Es ist mit reflektierenden Elementen ausgestattet und gew\u00e4hrleistet so Sicherheit f\u00fcr Mensch und Tier auch zu Fu\u00df im Verkehr. Mit Hilfe des speziellen Kurzf\u00fchrers wird der Hund einfach am Autogurt befestigt und kann bei Pausen direkt mit diesem ausgef\u00fchrt werden. Der angenehme Tragekomfort wird durch eine extra Polsterung im Hals-, Brust- und Bauchbereich gesichert, damit der Hund auch bei st\u00e4rkerem Bremsen keine Verletzungen davontr\u00e4gt.<\/p>\n<p>Das Geschirr ist mit verschwei\u00dften Metallringen und Metallschiebern versehen, was die Sicherheit Ihres Hundes nochmals erh\u00f6ht. Durch eine eingebaute Zugentlastung ist das Geschirr besonders belastbar. Das Anlegen des Geschirrs ist einfach und schnell. Das Sicherheitsgeschirr ist f\u00fcr alle Autotypen geeignet.<\/p>\n<p>Gr\u00f6\u00dfe S-M: ca. 40-55 cm \/ Breite 20 mm<\/p>\n<p>Diese Gr\u00f6\u00dfe eignet sich z.B. f\u00fcr West Highland Terrier und \u00e4hnlich gro\u00dfe Hunde.<\/p>\n<p>Farbe: Schwarz<\/p>\n","protected":false},"excerpt":{"rendered":"<p>Mit dem Auto-Sicherheitsgeschirr Dog Protect vom Hersteller Trixie transportieren Sie Ihren Hund sicher und einfach im Auto. Das Geschirr besteht aus festem, aber trotzdem weichem Nylongewebe und ist besonders stabil und sicher. Das Sicherheisgeschirr ist auch als F\u00fchrgeschirr verwendbar. Es ist mit reflektierenden Elementen ausgestattet und gew\u00e4hrleistet so Sicherheit f\u00fcr Mensch und Tier auch zu [&hellip;]<\/p>\n","protected":false},"featured_media":22428,"comment_status":"closed","ping_status":"open","template":"","meta":[],"product_cat":[15548],"product_tag":[],"class_list":{"0":"post-52066","1":"product","2":"type-product","3":"status-publish","4":"has-post-thumbnail","6":"product_cat-hundegeschirre-halsbaender-leinen-autozubehoerhundewelt","8":"first","9":"instock","10":"taxable","11":"shipping-taxable","12":"purchasable","13":"product-type-simple"},"_links":{"self":[{"href":"https:\/\/all-pets.de\/shop\/wp-json\/wp\/v2\/product\/52066","targetHints":{"allow":["GET"]}}],"collection":[{"href":"https:\/\/all-pets.de\/shop\/wp-json\/wp\/v2\/product"}],"about":[{"href":"https:\/\/all-pets.de\/shop\/wp-json\/wp\/v2\/types\/product"}],"replies":[{"embeddable":true,"href":"https:\/\/all-pets.de\/shop\/wp-json\/wp\/v2\/comments?post=52066"}],"wp:featuredmedia":[{"embeddable":true,"href":"https:\/\/all-pets.de\/shop\/wp-json\/wp\/v2\/media\/22428"}],"wp:attachment":[{"href":"https:\/\/all-pets.de\/shop\/wp-json\/wp\/v2\/media?parent=52066"}],"wp:term":[{"taxonomy":"product_cat","embeddable":true,"href":"https:\/\/all-pets.de\/shop\/wp-json\/wp\/v2\/product_cat?post=52066"},{"taxonomy":"product_tag","embeddable":true,"href":"https:\/\/all-pets.de\/shop\/wp-json\/wp\/v2\/product_tag?post=52066"}],"curies":[{"name":"wp","href":"https:\/\/api.w.org\/{rel}","templated":true}]}}