{"id":52073,"date":"2023-12-12T12:41:27","date_gmt":"2023-12-12T11:41:27","guid":{"rendered":"https:\/\/pet-shopping.de\/shop\/produkt\/hunter-fuehrleine-power-grip-bronze-s-breite-15-mm-laenge-110-cm\/"},"modified":"2023-12-12T12:41:28","modified_gmt":"2023-12-12T11:41:28","slug":"hunter-fuehrleine-power-grip-bronze-s-breite-15-mm-laenge-110-cm","status":"publish","type":"product","link":"https:\/\/all-pets.de\/shop\/produkt\/hunter-fuehrleine-power-grip-bronze-s-breite-15-mm-laenge-110-cm\/","title":{"rendered":"Hunter F\u00fchrleine Power Grip Bronze &#8211; S: Breite: 15 mm  L\u00e4nge: 110 cm"},"content":{"rendered":"<p>Coole F\u00fchrleine von Hunter aus Nylon-Soft Material. Extrem rei\u00dffest und robust. Metallteile vernickelt.<\/p>\n<p><\/p>\n","protected":false},"excerpt":{"rendered":"<p>Coole F\u00fchrleine von Hunter aus Nylon-Soft Material. Extrem rei\u00dffest und robust. Metallteile vernickelt.<\/p>\n","protected":false},"featured_media":22519,"comment_status":"closed","ping_status":"open","template":"","meta":[],"product_cat":[14701],"product_tag":[],"class_list":{"0":"post-52073","1":"product","2":"type-product","3":"status-publish","4":"has-post-thumbnail","6":"product_cat-nylonleinen-leinen","8":"first","9":"instock","10":"taxable","11":"shipping-taxable","12":"purchasable","13":"product-type-simple"},"_links":{"self":[{"href":"https:\/\/all-pets.de\/shop\/wp-json\/wp\/v2\/product\/52073","targetHints":{"allow":["GET"]}}],"collection":[{"href":"https:\/\/all-pets.de\/shop\/wp-json\/wp\/v2\/product"}],"about":[{"href":"https:\/\/all-pets.de\/shop\/wp-json\/wp\/v2\/types\/product"}],"replies":[{"embeddable":true,"href":"https:\/\/all-pets.de\/shop\/wp-json\/wp\/v2\/comments?post=52073"}],"wp:featuredmedia":[{"embeddable":true,"href":"https:\/\/all-pets.de\/shop\/wp-json\/wp\/v2\/media\/22519"}],"wp:attachment":[{"href":"https:\/\/all-pets.de\/shop\/wp-json\/wp\/v2\/media?parent=52073"}],"wp:term":[{"taxonomy":"product_cat","embeddable":true,"href":"https:\/\/all-pets.de\/shop\/wp-json\/wp\/v2\/product_cat?post=52073"},{"taxonomy":"product_tag","embeddable":true,"href":"https:\/\/all-pets.de\/shop\/wp-json\/wp\/v2\/product_tag?post=52073"}],"curies":[{"name":"wp","href":"https:\/\/api.w.org\/{rel}","templated":true}]}}