{"id":52074,"date":"2023-12-12T12:41:27","date_gmt":"2023-12-12T11:41:27","guid":{"rendered":"https:\/\/pet-shopping.de\/shop\/produkt\/karlie-adresstube-pretty-gold-mit-strass-klein-rosa\/"},"modified":"2023-12-12T12:41:28","modified_gmt":"2023-12-12T11:41:28","slug":"karlie-adresstube-pretty-gold-mit-strass-klein-rosa","status":"publish","type":"product","link":"https:\/\/all-pets.de\/shop\/produkt\/karlie-adresstube-pretty-gold-mit-strass-klein-rosa\/","title":{"rendered":"Karlie Adresstube Pretty Gold mit Strass &#8211; klein &#8211; Rosa"},"content":{"rendered":"<p>S\u00fc\u00dfe Adresstube f\u00fcr Hunde und Katzen mit Strasssteinchen besetzt.<\/p>\n<p>&#8211; mit Adresszettel<br \/> &#8211; wasserdicht<br \/> &#8211; Ma\u00dfe: 15 mm x 8 mm Durchmesser<\/p>\n","protected":false},"excerpt":{"rendered":"<p>S\u00fc\u00dfe Adresstube f\u00fcr Hunde und Katzen mit Strasssteinchen besetzt. &#8211; mit Adresszettel &#8211; wasserdicht &#8211; Ma\u00dfe: 15 mm x 8 mm Durchmesser<\/p>\n","protected":false},"featured_media":22537,"comment_status":"closed","ping_status":"open","template":"","meta":[],"product_cat":[13684],"product_tag":[],"class_list":{"0":"post-52074","1":"product","2":"type-product","3":"status-publish","4":"has-post-thumbnail","6":"product_cat-katzenadressanhaenger-blinker","8":"first","9":"instock","10":"taxable","11":"shipping-taxable","12":"purchasable","13":"product-type-simple"},"_links":{"self":[{"href":"https:\/\/all-pets.de\/shop\/wp-json\/wp\/v2\/product\/52074","targetHints":{"allow":["GET"]}}],"collection":[{"href":"https:\/\/all-pets.de\/shop\/wp-json\/wp\/v2\/product"}],"about":[{"href":"https:\/\/all-pets.de\/shop\/wp-json\/wp\/v2\/types\/product"}],"replies":[{"embeddable":true,"href":"https:\/\/all-pets.de\/shop\/wp-json\/wp\/v2\/comments?post=52074"}],"wp:featuredmedia":[{"embeddable":true,"href":"https:\/\/all-pets.de\/shop\/wp-json\/wp\/v2\/media\/22537"}],"wp:attachment":[{"href":"https:\/\/all-pets.de\/shop\/wp-json\/wp\/v2\/media?parent=52074"}],"wp:term":[{"taxonomy":"product_cat","embeddable":true,"href":"https:\/\/all-pets.de\/shop\/wp-json\/wp\/v2\/product_cat?post=52074"},{"taxonomy":"product_tag","embeddable":true,"href":"https:\/\/all-pets.de\/shop\/wp-json\/wp\/v2\/product_tag?post=52074"}],"curies":[{"name":"wp","href":"https:\/\/api.w.org\/{rel}","templated":true}]}}