{"id":52091,"date":"2023-12-12T12:41:30","date_gmt":"2023-12-12T11:41:30","guid":{"rendered":"https:\/\/pet-shopping.de\/shop\/produkt\/karlie-buffalo-halsband-nachtblau-60cm-40mm\/"},"modified":"2023-12-12T12:41:31","modified_gmt":"2023-12-12T11:41:31","slug":"karlie-buffalo-halsband-nachtblau-60cm-40mm","status":"publish","type":"product","link":"https:\/\/all-pets.de\/shop\/produkt\/karlie-buffalo-halsband-nachtblau-60cm-40mm\/","title":{"rendered":"Karlie Buffalo Halsband &#8211; Nachtblau &#8211; 60cm \/ 40mm"},"content":{"rendered":"<ul>\n<li><font face=\"verdana\"><font size=\"2\">Obermaterial: farbiges Kalbsleder<\/font><\/font><\/li>\n<li><font face=\"verdana\"><font size=\"2\">Futter: farbiges Kalbsleder<\/font><\/font><\/li>\n<li><font face=\"verdana\"><font size=\"2\">in Handarbeit vern\u00e4ht<\/font><\/font><\/li>\n<li><font face=\"verdana\"><font size=\"2\">geriegelt, abgen\u00e4ht, gebuggt<\/font><\/font><\/li>\n<li><font face=\"verdana\"><font size=\"2\">wasserabweisend<\/font><\/font><\/li>\n<li><font face=\"verdana\"><font size=\"2\">verchromte Beschl\u00e4ge<\/font><\/font><\/li>\n<li><font face=\"verdana\"><font size=\"2\">produziert in Deutschland &#8211; Made in Germany<\/font><\/font><\/li>\n<li><font face=\"verdana\"><font size=\"2\">hochwertig verarbeitet, hervorragende Qualit\u00e4t<\/font><\/font><\/li>\n<li><font face=\"verdana\"><font size=\"2\">Farbe: nachtblau<\/font><\/font><\/li>\n<li><font face=\"verdana\"><font size=\"2\">Gesamtl\u00e4nge: ca. 60 cm<\/font><\/font><\/li>\n<li><font face=\"verdana\"><font size=\"2\">Breite: ca. 40 mm<\/font><\/font><\/li>\n<\/ul>\n","protected":false},"excerpt":{"rendered":"<p>Obermaterial: farbiges Kalbsleder Futter: farbiges Kalbsleder in Handarbeit vern\u00e4ht geriegelt, abgen\u00e4ht, gebuggt wasserabweisend verchromte Beschl\u00e4ge produziert in Deutschland &#8211; Made in Germany hochwertig verarbeitet, hervorragende Qualit\u00e4t Farbe: nachtblau Gesamtl\u00e4nge: ca. 60 cm Breite: ca. 40 mm<\/p>\n","protected":false},"featured_media":52090,"comment_status":"closed","ping_status":"open","template":"","meta":[],"product_cat":[13790],"product_tag":[],"class_list":{"0":"post-52091","1":"product","2":"type-product","3":"status-publish","4":"has-post-thumbnail","6":"product_cat-lederhalsbaender","8":"first","9":"instock","10":"taxable","11":"shipping-taxable","12":"purchasable","13":"product-type-simple"},"_links":{"self":[{"href":"https:\/\/all-pets.de\/shop\/wp-json\/wp\/v2\/product\/52091","targetHints":{"allow":["GET"]}}],"collection":[{"href":"https:\/\/all-pets.de\/shop\/wp-json\/wp\/v2\/product"}],"about":[{"href":"https:\/\/all-pets.de\/shop\/wp-json\/wp\/v2\/types\/product"}],"replies":[{"embeddable":true,"href":"https:\/\/all-pets.de\/shop\/wp-json\/wp\/v2\/comments?post=52091"}],"wp:featuredmedia":[{"embeddable":true,"href":"https:\/\/all-pets.de\/shop\/wp-json\/wp\/v2\/media\/52090"}],"wp:attachment":[{"href":"https:\/\/all-pets.de\/shop\/wp-json\/wp\/v2\/media?parent=52091"}],"wp:term":[{"taxonomy":"product_cat","embeddable":true,"href":"https:\/\/all-pets.de\/shop\/wp-json\/wp\/v2\/product_cat?post=52091"},{"taxonomy":"product_tag","embeddable":true,"href":"https:\/\/all-pets.de\/shop\/wp-json\/wp\/v2\/product_tag?post=52091"}],"curies":[{"name":"wp","href":"https:\/\/api.w.org\/{rel}","templated":true}]}}