{"id":52118,"date":"2023-12-12T12:41:36","date_gmt":"2023-12-12T11:41:36","guid":{"rendered":"https:\/\/pet-shopping.de\/shop\/produkt\/karlie-flamingo-hundespielzeug-wheel-chaser-22-cm\/"},"modified":"2023-12-12T12:41:36","modified_gmt":"2023-12-12T11:41:36","slug":"karlie-flamingo-hundespielzeug-wheel-chaser-22-cm","status":"publish","type":"product","link":"https:\/\/all-pets.de\/shop\/produkt\/karlie-flamingo-hundespielzeug-wheel-chaser-22-cm\/","title":{"rendered":"Karlie Flamingo Hundespielzeug Wheel Chaser &#8211; 22 cm"},"content":{"rendered":"<p>Der Wheel Chaser besteht aus nicht-toxischem TPR (Thermo Plastic Rubber), was ihn extrem lange haltbar, witterungsbest\u00e4ndig und zahnfreundlich macht. Zudem ist das Spielzeug aus TPR schwimmf\u00e4hig und eignet sich dadurch toll f\u00fcr Spiele am und im Wasser. Rollen Sie den Wheel Chaser einfach \u00fcber den Boden und sehen Sie, wie Ihr Vierbeiner erfreut hinterher l\u00e4uft!<\/p>\n<p>Durchmesser: ca. 22 cm<br \/> Breite: ca. 8 cm<\/p>\n<p>Diverse Farben. Eine Farbwahl ist leider nicht m\u00f6glich, da die Farbe je nach Lagerbestand gew\u00e4hlt wird.<\/p>\n","protected":false},"excerpt":{"rendered":"<p>Der Wheel Chaser besteht aus nicht-toxischem TPR (Thermo Plastic Rubber), was ihn extrem lange haltbar, witterungsbest\u00e4ndig und zahnfreundlich macht. Zudem ist das Spielzeug aus TPR schwimmf\u00e4hig und eignet sich dadurch toll f\u00fcr Spiele am und im Wasser. Rollen Sie den Wheel Chaser einfach \u00fcber den Boden und sehen Sie, wie Ihr Vierbeiner erfreut hinterher l\u00e4uft! [&hellip;]<\/p>\n","protected":false},"featured_media":22941,"comment_status":"closed","ping_status":"open","template":"","meta":[],"product_cat":[14552],"product_tag":[],"class_list":{"0":"post-52118","1":"product","2":"type-product","3":"status-publish","4":"has-post-thumbnail","6":"product_cat-weitere-spielzeuge-hundespielzeug-sport-aqua-spielzeughundewelt-hundespielzeug-sport-hundewurfspielzeughundewelt-hundewurfspielzeughundewelt","8":"first","9":"instock","10":"taxable","11":"shipping-taxable","12":"purchasable","13":"product-type-simple"},"_links":{"self":[{"href":"https:\/\/all-pets.de\/shop\/wp-json\/wp\/v2\/product\/52118","targetHints":{"allow":["GET"]}}],"collection":[{"href":"https:\/\/all-pets.de\/shop\/wp-json\/wp\/v2\/product"}],"about":[{"href":"https:\/\/all-pets.de\/shop\/wp-json\/wp\/v2\/types\/product"}],"replies":[{"embeddable":true,"href":"https:\/\/all-pets.de\/shop\/wp-json\/wp\/v2\/comments?post=52118"}],"wp:featuredmedia":[{"embeddable":true,"href":"https:\/\/all-pets.de\/shop\/wp-json\/wp\/v2\/media\/22941"}],"wp:attachment":[{"href":"https:\/\/all-pets.de\/shop\/wp-json\/wp\/v2\/media?parent=52118"}],"wp:term":[{"taxonomy":"product_cat","embeddable":true,"href":"https:\/\/all-pets.de\/shop\/wp-json\/wp\/v2\/product_cat?post=52118"},{"taxonomy":"product_tag","embeddable":true,"href":"https:\/\/all-pets.de\/shop\/wp-json\/wp\/v2\/product_tag?post=52118"}],"curies":[{"name":"wp","href":"https:\/\/api.w.org\/{rel}","templated":true}]}}