{"id":52124,"date":"2023-12-12T12:41:38","date_gmt":"2023-12-12T11:41:38","guid":{"rendered":"https:\/\/pet-shopping.de\/shop\/produkt\/trixie-be-nordic-leine-1-m-dunkelblau-l-xl\/"},"modified":"2023-12-12T12:41:38","modified_gmt":"2023-12-12T11:41:38","slug":"trixie-be-nordic-leine-1-m-dunkelblau-l-xl","status":"publish","type":"product","link":"https:\/\/all-pets.de\/shop\/produkt\/trixie-be-nordic-leine-1-m-dunkelblau-l-xl\/","title":{"rendered":"Trixie BE NORDIC Leine &#8211; 1 m &#8211; dunkelblau \/ L-XL"},"content":{"rendered":"<ul>\n<li>Tau, rund gewebt<\/li>\n<li>mit Trigger Snap Hook<\/li>\n<li>L\u00e4nge: 1 m<\/li>\n<li>Gr\u00f6\u00dfe L-XL: 13 mm Durchmesser<\/li>\n<li>Farbe: dunkelblau\/hellblau <\/li>\n<\/ul>\n<div class=\"infotextWrap\">Aus dem Verkauf der Serie unterst\u00fctzt TRIXIE Meeresschutzprojekte und leistet damit einen Beitrag zum Natur- und Artenschutz.<\/div>\n","protected":false},"excerpt":{"rendered":"<p>Tau, rund gewebt mit Trigger Snap Hook L\u00e4nge: 1 m Gr\u00f6\u00dfe L-XL: 13 mm Durchmesser Farbe: dunkelblau\/hellblau Aus dem Verkauf der Serie unterst\u00fctzt TRIXIE Meeresschutzprojekte und leistet damit einen Beitrag zum Natur- und Artenschutz.<\/p>\n","protected":false},"featured_media":22970,"comment_status":"closed","ping_status":"open","template":"","meta":[],"product_cat":[14033],"product_tag":[],"class_list":{"0":"post-52124","1":"product","2":"type-product","3":"status-publish","4":"has-post-thumbnail","6":"product_cat-weitere-leinen-leinen","8":"first","9":"instock","10":"taxable","11":"shipping-taxable","12":"purchasable","13":"product-type-simple"},"_links":{"self":[{"href":"https:\/\/all-pets.de\/shop\/wp-json\/wp\/v2\/product\/52124","targetHints":{"allow":["GET"]}}],"collection":[{"href":"https:\/\/all-pets.de\/shop\/wp-json\/wp\/v2\/product"}],"about":[{"href":"https:\/\/all-pets.de\/shop\/wp-json\/wp\/v2\/types\/product"}],"replies":[{"embeddable":true,"href":"https:\/\/all-pets.de\/shop\/wp-json\/wp\/v2\/comments?post=52124"}],"wp:featuredmedia":[{"embeddable":true,"href":"https:\/\/all-pets.de\/shop\/wp-json\/wp\/v2\/media\/22970"}],"wp:attachment":[{"href":"https:\/\/all-pets.de\/shop\/wp-json\/wp\/v2\/media?parent=52124"}],"wp:term":[{"taxonomy":"product_cat","embeddable":true,"href":"https:\/\/all-pets.de\/shop\/wp-json\/wp\/v2\/product_cat?post=52124"},{"taxonomy":"product_tag","embeddable":true,"href":"https:\/\/all-pets.de\/shop\/wp-json\/wp\/v2\/product_tag?post=52124"}],"curies":[{"name":"wp","href":"https:\/\/api.w.org\/{rel}","templated":true}]}}