{"id":52141,"date":"2023-12-12T12:41:38","date_gmt":"2023-12-12T11:41:38","guid":{"rendered":"https:\/\/pet-shopping.de\/shop\/produkt\/trixie-liegematte-nevio-75-x-47-cm\/"},"modified":"2023-12-12T12:41:41","modified_gmt":"2023-12-12T11:41:41","slug":"trixie-liegematte-nevio-75-x-47-cm","status":"publish","type":"product","link":"https:\/\/all-pets.de\/shop\/produkt\/trixie-liegematte-nevio-75-x-47-cm\/","title":{"rendered":"Trixie Liegematte Nevio &#8211; 75 \u00d7 47 cm"},"content":{"rendered":"<ul>\n<li>Pl\u00fcsch\/Lammfell-Optik<\/li>\n<li>Polyester-Bezug<\/li>\n<li>Polyestervlies-F\u00fcllung, 2 cm<\/li>\n<li>rutschfester Boden<\/li>\n<li>Handw\u00e4sche<\/li>\n<li>Ma\u00dfe: ca. 75 \u00d7 47 cm<\/li>\n<\/ul>\n","protected":false},"excerpt":{"rendered":"<p>Pl\u00fcsch\/Lammfell-Optik Polyester-Bezug Polyestervlies-F\u00fcllung, 2 cm rutschfester Boden Handw\u00e4sche Ma\u00dfe: ca. 75 \u00d7 47 cm<\/p>\n","protected":false},"featured_media":52142,"comment_status":"closed","ping_status":"open","template":"","meta":[],"product_cat":[15600],"product_tag":[],"class_list":{"0":"post-52141","1":"product","2":"type-product","3":"status-publish","4":"has-post-thumbnail","6":"product_cat-hundebetten-hundekissen-betten-koerbe-betten-sofashundewelt-katzenbetten-katzenkoerbe-katzen-x-maskatzenwelt-hunde-x-maskatzenwelt-neue-hundeartikelhundewelt-neue-katzenartikelhundewelt-katzenwelt","8":"first","9":"instock","10":"taxable","11":"shipping-taxable","12":"purchasable","13":"product-type-simple"},"_links":{"self":[{"href":"https:\/\/all-pets.de\/shop\/wp-json\/wp\/v2\/product\/52141","targetHints":{"allow":["GET"]}}],"collection":[{"href":"https:\/\/all-pets.de\/shop\/wp-json\/wp\/v2\/product"}],"about":[{"href":"https:\/\/all-pets.de\/shop\/wp-json\/wp\/v2\/types\/product"}],"replies":[{"embeddable":true,"href":"https:\/\/all-pets.de\/shop\/wp-json\/wp\/v2\/comments?post=52141"}],"wp:featuredmedia":[{"embeddable":true,"href":"https:\/\/all-pets.de\/shop\/wp-json\/wp\/v2\/media\/52142"}],"wp:attachment":[{"href":"https:\/\/all-pets.de\/shop\/wp-json\/wp\/v2\/media?parent=52141"}],"wp:term":[{"taxonomy":"product_cat","embeddable":true,"href":"https:\/\/all-pets.de\/shop\/wp-json\/wp\/v2\/product_cat?post=52141"},{"taxonomy":"product_tag","embeddable":true,"href":"https:\/\/all-pets.de\/shop\/wp-json\/wp\/v2\/product_tag?post=52141"}],"curies":[{"name":"wp","href":"https:\/\/api.w.org\/{rel}","templated":true}]}}