{"id":52147,"date":"2023-12-12T12:41:38","date_gmt":"2023-12-12T11:41:38","guid":{"rendered":"https:\/\/pet-shopping.de\/shop\/produkt\/kerbl-kuschelbett-kids-blau\/"},"modified":"2023-12-12T12:41:42","modified_gmt":"2023-12-12T11:41:42","slug":"kerbl-kuschelbett-kids-blau","status":"publish","type":"product","link":"https:\/\/all-pets.de\/shop\/produkt\/kerbl-kuschelbett-kids-blau\/","title":{"rendered":"Kerbl Kuschelbett Kids &#8211; Blau"},"content":{"rendered":"<p>Das Kuschelbett Kids eignet sich trotz seines Namens auch f\u00fcr ausgewachsene Katzen und kleine Hunde.<\/p>\n<p>Das Bett hat au\u00dfen herum Druckkn\u00f6pfe, die es im Handumdrehen von einem Bettchen mit Rand in eine gr\u00f6\u00dfere Liegedecke ohne Rand verwandeln, je nachdem, was gerade ben\u00f6tigt wird. Das kuschelig weiche Bett besteht aus 100% Polyester und ist bei 30\u00b0 C waschbar.<\/p>\n<p>Au\u00dfendurchmesser im zugekn\u00f6pften Zustand: ca. 60 cm an der breitesten Stelle.<br \/> Liegefl\u00e4che im zugekn\u00f6pften Zustand: ca. 45 cm<\/p>\n<p>Au\u00dfendurchmesser komplett: ca. 70 cm <\/p>\n<p>Farbe: Blau gepunktet<\/p>\n","protected":false},"excerpt":{"rendered":"<p>Das Kuschelbett Kids eignet sich trotz seines Namens auch f\u00fcr ausgewachsene Katzen und kleine Hunde. Das Bett hat au\u00dfen herum Druckkn\u00f6pfe, die es im Handumdrehen von einem Bettchen mit Rand in eine gr\u00f6\u00dfere Liegedecke ohne Rand verwandeln, je nachdem, was gerade ben\u00f6tigt wird. Das kuschelig weiche Bett besteht aus 100% Polyester und ist bei 30\u00b0 [&hellip;]<\/p>\n","protected":false},"featured_media":23009,"comment_status":"closed","ping_status":"open","template":"","meta":[],"product_cat":[14636],"product_tag":[],"class_list":{"0":"post-52147","1":"product","2":"type-product","3":"status-publish","4":"has-post-thumbnail","6":"product_cat-betten-sofas-katzenbetten-katzenkoerbe-hundebetten-hundekissenkatzenwelt","8":"first","9":"instock","10":"taxable","11":"shipping-taxable","12":"purchasable","13":"product-type-simple"},"_links":{"self":[{"href":"https:\/\/all-pets.de\/shop\/wp-json\/wp\/v2\/product\/52147","targetHints":{"allow":["GET"]}}],"collection":[{"href":"https:\/\/all-pets.de\/shop\/wp-json\/wp\/v2\/product"}],"about":[{"href":"https:\/\/all-pets.de\/shop\/wp-json\/wp\/v2\/types\/product"}],"replies":[{"embeddable":true,"href":"https:\/\/all-pets.de\/shop\/wp-json\/wp\/v2\/comments?post=52147"}],"wp:featuredmedia":[{"embeddable":true,"href":"https:\/\/all-pets.de\/shop\/wp-json\/wp\/v2\/media\/23009"}],"wp:attachment":[{"href":"https:\/\/all-pets.de\/shop\/wp-json\/wp\/v2\/media?parent=52147"}],"wp:term":[{"taxonomy":"product_cat","embeddable":true,"href":"https:\/\/all-pets.de\/shop\/wp-json\/wp\/v2\/product_cat?post=52147"},{"taxonomy":"product_tag","embeddable":true,"href":"https:\/\/all-pets.de\/shop\/wp-json\/wp\/v2\/product_tag?post=52147"}],"curies":[{"name":"wp","href":"https:\/\/api.w.org\/{rel}","templated":true}]}}