{"id":52148,"date":"2023-12-12T12:41:47","date_gmt":"2023-12-12T11:41:47","guid":{"rendered":"https:\/\/pet-shopping.de\/shop\/produkt\/trixie-bett-joey-beige-mit-pfoten-55-x-48-cm\/"},"modified":"2023-12-12T12:41:47","modified_gmt":"2023-12-12T11:41:47","slug":"trixie-bett-joey-beige-mit-pfoten-55-x-48-cm","status":"publish","type":"product","link":"https:\/\/all-pets.de\/shop\/produkt\/trixie-bett-joey-beige-mit-pfoten-55-x-48-cm\/","title":{"rendered":"Trixie Bett Joey &#8211; beige mit Pfoten &#8211; 55 \u00d7 48 cm"},"content":{"rendered":"<ul>\n<li>Pl\u00fcsch\/Fleece<\/li>\n<li>Polyester-Bezug<\/li>\n<li>Schaumstoff-F\u00fcllung<\/li>\n<li>mit Wendekissen<\/li>\n<li>rutschfester Boden<\/li>\n<li>per Handw\u00e4sche zu reinigen<\/li>\n<li>Farbe: beige mit Pfoten<\/li>\n<li>Ma\u00dfe: ca. 55 x 48 cm<\/li>\n<\/ul>\n","protected":false},"excerpt":{"rendered":"<p>Pl\u00fcsch\/Fleece Polyester-Bezug Schaumstoff-F\u00fcllung mit Wendekissen rutschfester Boden per Handw\u00e4sche zu reinigen Farbe: beige mit Pfoten Ma\u00dfe: ca. 55 x 48 cm<\/p>\n","protected":false},"featured_media":52149,"comment_status":"closed","ping_status":"open","template":"","meta":[],"product_cat":[15113],"product_tag":[],"class_list":{"0":"post-52148","1":"product","2":"type-product","3":"status-publish","4":"has-post-thumbnail","6":"product_cat-hundebetten-hundekissen-betten-koerbe","8":"first","9":"instock","10":"taxable","11":"shipping-taxable","12":"purchasable","13":"product-type-simple"},"_links":{"self":[{"href":"https:\/\/all-pets.de\/shop\/wp-json\/wp\/v2\/product\/52148","targetHints":{"allow":["GET"]}}],"collection":[{"href":"https:\/\/all-pets.de\/shop\/wp-json\/wp\/v2\/product"}],"about":[{"href":"https:\/\/all-pets.de\/shop\/wp-json\/wp\/v2\/types\/product"}],"replies":[{"embeddable":true,"href":"https:\/\/all-pets.de\/shop\/wp-json\/wp\/v2\/comments?post=52148"}],"wp:featuredmedia":[{"embeddable":true,"href":"https:\/\/all-pets.de\/shop\/wp-json\/wp\/v2\/media\/52149"}],"wp:attachment":[{"href":"https:\/\/all-pets.de\/shop\/wp-json\/wp\/v2\/media?parent=52148"}],"wp:term":[{"taxonomy":"product_cat","embeddable":true,"href":"https:\/\/all-pets.de\/shop\/wp-json\/wp\/v2\/product_cat?post=52148"},{"taxonomy":"product_tag","embeddable":true,"href":"https:\/\/all-pets.de\/shop\/wp-json\/wp\/v2\/product_tag?post=52148"}],"curies":[{"name":"wp","href":"https:\/\/api.w.org\/{rel}","templated":true}]}}