{"id":52162,"date":"2023-12-12T12:41:52","date_gmt":"2023-12-12T11:41:52","guid":{"rendered":"https:\/\/pet-shopping.de\/shop\/produkt\/trixie-tasche-madison-schwarz-19x28x42cm\/"},"modified":"2023-12-12T12:41:53","modified_gmt":"2023-12-12T11:41:53","slug":"trixie-tasche-madison-schwarz-19x28x42cm","status":"publish","type":"product","link":"https:\/\/all-pets.de\/shop\/produkt\/trixie-tasche-madison-schwarz-19x28x42cm\/","title":{"rendered":"Trixie Tasche Madison &#8211; Schwarz \/ 19x28x42cm"},"content":{"rendered":"<ul>\n<li>Befestigung am Trolley m\u00f6glich<\/li>\n<li>Schnallen verhindern ungewolltes \u00d6ffnen der Rei\u00dfverschl\u00fcsse<\/li>\n<li>extra feinmaschiges Netz als Schutz vor Insekten<\/li>\n<li>von vorne zu \u00f6ffnen<\/li>\n<li>abnehmbarer Schulterriemen<\/li>\n<li>mit integrierter Kurzleine<\/li>\n<li>gepolsterte Bodenplatte, herausnehmbar<\/li>\n<li>reflektierende Elemente<\/li>\n<li>Polyester<\/li>\n<li>Farbe: Schwarz<\/li>\n<li>Ma\u00dfe: ca. 19 x 28 x 42 cm<\/li>\n<li>bis 5 kg<\/li>\n<\/ul>\n","protected":false},"excerpt":{"rendered":"<p>Befestigung am Trolley m\u00f6glich Schnallen verhindern ungewolltes \u00d6ffnen der Rei\u00dfverschl\u00fcsse extra feinmaschiges Netz als Schutz vor Insekten von vorne zu \u00f6ffnen abnehmbarer Schulterriemen mit integrierter Kurzleine gepolsterte Bodenplatte, herausnehmbar reflektierende Elemente Polyester Farbe: Schwarz Ma\u00dfe: ca. 19 x 28 x 42 cm bis 5 kg<\/p>\n","protected":false},"featured_media":23069,"comment_status":"closed","ping_status":"open","template":"","meta":[],"product_cat":[14751],"product_tag":[],"class_list":{"0":"post-52162","1":"product","2":"type-product","3":"status-publish","4":"has-post-thumbnail","6":"product_cat-hundetaschen","8":"first","9":"instock","10":"taxable","11":"shipping-taxable","12":"purchasable","13":"product-type-simple"},"_links":{"self":[{"href":"https:\/\/all-pets.de\/shop\/wp-json\/wp\/v2\/product\/52162","targetHints":{"allow":["GET"]}}],"collection":[{"href":"https:\/\/all-pets.de\/shop\/wp-json\/wp\/v2\/product"}],"about":[{"href":"https:\/\/all-pets.de\/shop\/wp-json\/wp\/v2\/types\/product"}],"replies":[{"embeddable":true,"href":"https:\/\/all-pets.de\/shop\/wp-json\/wp\/v2\/comments?post=52162"}],"wp:featuredmedia":[{"embeddable":true,"href":"https:\/\/all-pets.de\/shop\/wp-json\/wp\/v2\/media\/23069"}],"wp:attachment":[{"href":"https:\/\/all-pets.de\/shop\/wp-json\/wp\/v2\/media?parent=52162"}],"wp:term":[{"taxonomy":"product_cat","embeddable":true,"href":"https:\/\/all-pets.de\/shop\/wp-json\/wp\/v2\/product_cat?post=52162"},{"taxonomy":"product_tag","embeddable":true,"href":"https:\/\/all-pets.de\/shop\/wp-json\/wp\/v2\/product_tag?post=52162"}],"curies":[{"name":"wp","href":"https:\/\/api.w.org\/{rel}","templated":true}]}}