{"id":52167,"date":"2023-12-12T12:41:52","date_gmt":"2023-12-12T11:41:52","guid":{"rendered":"https:\/\/pet-shopping.de\/shop\/produkt\/trixie-heuraufe-zum-einhaengen-mit-deckel-20-x-18-x-12-cm\/"},"modified":"2023-12-12T12:41:54","modified_gmt":"2023-12-12T11:41:54","slug":"trixie-heuraufe-zum-einhaengen-mit-deckel-20-x-18-x-12-cm","status":"publish","type":"product","link":"https:\/\/all-pets.de\/shop\/produkt\/trixie-heuraufe-zum-einhaengen-mit-deckel-20-x-18-x-12-cm\/","title":{"rendered":"Trixie Heuraufe zum Einh\u00e4ngen mit Deckel &#8211; 20 \u00d7 18 \u00d7 12 cm"},"content":{"rendered":"<ul>\n<li>mit Deckel, dadurch kein Verletzungsrisiko<\/li>\n<li>Metall, pulverbeschichtet\/Deckel, Kunststoff<\/li>\n<li>tierschutzkonform nach \u00a7 18 (AT)<\/li>\n<li>Farbe: schwarz<\/li>\n<li>geeinget z.B. f\u00fcr Kaninchen, Meerschweinchen<\/li>\n<li>Ma\u00dfe: ca. 20 x 18 x 12 cm<\/li>\n<\/ul>\n","protected":false},"excerpt":{"rendered":"<p>mit Deckel, dadurch kein Verletzungsrisiko Metall, pulverbeschichtet\/Deckel, Kunststoff tierschutzkonform nach \u00a7 18 (AT) Farbe: schwarz geeinget z.B. f\u00fcr Kaninchen, Meerschweinchen Ma\u00dfe: ca. 20 x 18 x 12 cm<\/p>\n","protected":false},"featured_media":52168,"comment_status":"closed","ping_status":"open","template":"","meta":[],"product_cat":[13722],"product_tag":[],"class_list":{"0":"post-52167","1":"product","2":"type-product","3":"status-publish","4":"has-post-thumbnail","6":"product_cat-heuraufen","8":"first","9":"instock","10":"taxable","11":"shipping-taxable","12":"purchasable","13":"product-type-simple"},"_links":{"self":[{"href":"https:\/\/all-pets.de\/shop\/wp-json\/wp\/v2\/product\/52167","targetHints":{"allow":["GET"]}}],"collection":[{"href":"https:\/\/all-pets.de\/shop\/wp-json\/wp\/v2\/product"}],"about":[{"href":"https:\/\/all-pets.de\/shop\/wp-json\/wp\/v2\/types\/product"}],"replies":[{"embeddable":true,"href":"https:\/\/all-pets.de\/shop\/wp-json\/wp\/v2\/comments?post=52167"}],"wp:featuredmedia":[{"embeddable":true,"href":"https:\/\/all-pets.de\/shop\/wp-json\/wp\/v2\/media\/52168"}],"wp:attachment":[{"href":"https:\/\/all-pets.de\/shop\/wp-json\/wp\/v2\/media?parent=52167"}],"wp:term":[{"taxonomy":"product_cat","embeddable":true,"href":"https:\/\/all-pets.de\/shop\/wp-json\/wp\/v2\/product_cat?post=52167"},{"taxonomy":"product_tag","embeddable":true,"href":"https:\/\/all-pets.de\/shop\/wp-json\/wp\/v2\/product_tag?post=52167"}],"curies":[{"name":"wp","href":"https:\/\/api.w.org\/{rel}","templated":true}]}}