{"id":52177,"date":"2023-12-12T12:41:52","date_gmt":"2023-12-12T11:41:52","guid":{"rendered":"https:\/\/pet-shopping.de\/shop\/produkt\/pet-star-softgeschirr-netzgeschirr-blau-m\/"},"modified":"2023-12-12T12:41:55","modified_gmt":"2023-12-12T11:41:55","slug":"pet-star-softgeschirr-netzgeschirr-blau-m","status":"publish","type":"product","link":"https:\/\/all-pets.de\/shop\/produkt\/pet-star-softgeschirr-netzgeschirr-blau-m\/","title":{"rendered":"Pet-Star Softgeschirr \/ Netzgeschirr &#8211; Blau &#8211; M"},"content":{"rendered":"<p>Die extra weichen Softgeschirre von Pet-Star passen sich ideal an Ihren Hund an und bieten besten Tragekomfort.<\/p>\n<p>Das Geschirr besteht aus weichen Netz- und Nylonmaterial und ist vorallem im Brustbereich viel angenehmer f\u00fcr den Hund, als handels\u00fcbliche Gurtgeschirre. Am R\u00fcckenbereich befindet sich ein D-Ring zum Befestigen der Leine. Der Brustgurt, der hinter den Vorderbeinen \u00fcber den R\u00fccken f\u00fchrt, ist verstellbar, um eine optimale Passform f\u00fcr jeden K\u00f6rperbau zu erreichen.<\/p>\n<p>Die passenden Leinen zu diesem Geschirr in rot und in blau finden Sie unter: Pet-Star Leine (passend zum Pet-Star Soft- \/ Netzgeschirr) (Artikelnr. PS-45481-VAR)!<\/p>\n<p>Farbe: Blau<\/p>\n<p>Gr\u00f6\u00dfe M:<br \/> Halsausschnitt: ca. 28 cm<br \/> Bauchgurt: verstellbar ca. von 42 bis 58 cm<br \/> R\u00fcckenl\u00e4nge: ca. 10,5 cm<\/p>\n","protected":false},"excerpt":{"rendered":"<p>Die extra weichen Softgeschirre von Pet-Star passen sich ideal an Ihren Hund an und bieten besten Tragekomfort. Das Geschirr besteht aus weichen Netz- und Nylonmaterial und ist vorallem im Brustbereich viel angenehmer f\u00fcr den Hund, als handels\u00fcbliche Gurtgeschirre. Am R\u00fcckenbereich befindet sich ein D-Ring zum Befestigen der Leine. Der Brustgurt, der hinter den Vorderbeinen \u00fcber [&hellip;]<\/p>\n","protected":false},"featured_media":23121,"comment_status":"closed","ping_status":"open","template":"","meta":[],"product_cat":[13812],"product_tag":[],"class_list":{"0":"post-52177","1":"product","2":"type-product","3":"status-publish","4":"has-post-thumbnail","6":"product_cat-hundegeschirre","8":"first","9":"instock","10":"taxable","11":"shipping-taxable","12":"purchasable","13":"product-type-simple"},"_links":{"self":[{"href":"https:\/\/all-pets.de\/shop\/wp-json\/wp\/v2\/product\/52177","targetHints":{"allow":["GET"]}}],"collection":[{"href":"https:\/\/all-pets.de\/shop\/wp-json\/wp\/v2\/product"}],"about":[{"href":"https:\/\/all-pets.de\/shop\/wp-json\/wp\/v2\/types\/product"}],"replies":[{"embeddable":true,"href":"https:\/\/all-pets.de\/shop\/wp-json\/wp\/v2\/comments?post=52177"}],"wp:featuredmedia":[{"embeddable":true,"href":"https:\/\/all-pets.de\/shop\/wp-json\/wp\/v2\/media\/23121"}],"wp:attachment":[{"href":"https:\/\/all-pets.de\/shop\/wp-json\/wp\/v2\/media?parent=52177"}],"wp:term":[{"taxonomy":"product_cat","embeddable":true,"href":"https:\/\/all-pets.de\/shop\/wp-json\/wp\/v2\/product_cat?post=52177"},{"taxonomy":"product_tag","embeddable":true,"href":"https:\/\/all-pets.de\/shop\/wp-json\/wp\/v2\/product_tag?post=52177"}],"curies":[{"name":"wp","href":"https:\/\/api.w.org\/{rel}","templated":true}]}}