{"id":52180,"date":"2023-12-12T12:41:57","date_gmt":"2023-12-12T11:41:57","guid":{"rendered":"https:\/\/pet-shopping.de\/shop\/produkt\/kerbl-nature-plus-haus-mit-heuraufe-gross\/"},"modified":"2023-12-12T12:41:58","modified_gmt":"2023-12-12T11:41:58","slug":"kerbl-nature-plus-haus-mit-heuraufe-gross","status":"publish","type":"product","link":"https:\/\/all-pets.de\/shop\/produkt\/kerbl-nature-plus-haus-mit-heuraufe-gross\/","title":{"rendered":"Kerbl NATURE PLUS Haus mit Heuraufe &#8211; Gro\u00df"},"content":{"rendered":"<p>Die Heuraufe ist bei diesem Haus f\u00fcr Zwergkaninchen bereits integriert. Sie ist bequem von oben zu bef\u00fcllen. So bleibt das Heu oder Gr\u00fcnfutter sauber und Ihre Tiere k\u00f6nnen sich jederzeit bedienen. Nat\u00fcrlich bietet dieses Haus auch gen\u00fcgend Unterschlupf und Schutz vor Wind und Sonne.<\/p>\n<p> Das Holz ist v\u00f6llig nat\u00fcrlich und unbehandelt, deshalb kann es bedenkenlos benagt werden.<\/p>\n<p>Ma\u00dfe: 54 x 41 x 30 cm (LxBxH)<\/p>\n","protected":false},"excerpt":{"rendered":"<p>Die Heuraufe ist bei diesem Haus f\u00fcr Zwergkaninchen bereits integriert. Sie ist bequem von oben zu bef\u00fcllen. So bleibt das Heu oder Gr\u00fcnfutter sauber und Ihre Tiere k\u00f6nnen sich jederzeit bedienen. Nat\u00fcrlich bietet dieses Haus auch gen\u00fcgend Unterschlupf und Schutz vor Wind und Sonne. Das Holz ist v\u00f6llig nat\u00fcrlich und unbehandelt, deshalb kann es bedenkenlos [&hellip;]<\/p>\n","protected":false},"featured_media":23145,"comment_status":"closed","ping_status":"open","template":"","meta":[],"product_cat":[13693],"product_tag":[],"class_list":{"0":"post-52180","1":"product","2":"type-product","3":"status-publish","4":"has-post-thumbnail","6":"product_cat-holzhaeuser","8":"first","9":"instock","10":"taxable","11":"shipping-taxable","12":"purchasable","13":"product-type-simple"},"_links":{"self":[{"href":"https:\/\/all-pets.de\/shop\/wp-json\/wp\/v2\/product\/52180","targetHints":{"allow":["GET"]}}],"collection":[{"href":"https:\/\/all-pets.de\/shop\/wp-json\/wp\/v2\/product"}],"about":[{"href":"https:\/\/all-pets.de\/shop\/wp-json\/wp\/v2\/types\/product"}],"replies":[{"embeddable":true,"href":"https:\/\/all-pets.de\/shop\/wp-json\/wp\/v2\/comments?post=52180"}],"wp:featuredmedia":[{"embeddable":true,"href":"https:\/\/all-pets.de\/shop\/wp-json\/wp\/v2\/media\/23145"}],"wp:attachment":[{"href":"https:\/\/all-pets.de\/shop\/wp-json\/wp\/v2\/media?parent=52180"}],"wp:term":[{"taxonomy":"product_cat","embeddable":true,"href":"https:\/\/all-pets.de\/shop\/wp-json\/wp\/v2\/product_cat?post=52180"},{"taxonomy":"product_tag","embeddable":true,"href":"https:\/\/all-pets.de\/shop\/wp-json\/wp\/v2\/product_tag?post=52180"}],"curies":[{"name":"wp","href":"https:\/\/api.w.org\/{rel}","templated":true}]}}