{"id":52183,"date":"2023-12-12T12:41:57","date_gmt":"2023-12-12T11:41:57","guid":{"rendered":"https:\/\/pet-shopping.de\/shop\/produkt\/viking-half-horn-s\/"},"modified":"2023-12-12T12:41:58","modified_gmt":"2023-12-12T11:41:58","slug":"viking-half-horn-s","status":"publish","type":"product","link":"https:\/\/all-pets.de\/shop\/produkt\/viking-half-horn-s\/","title":{"rendered":"Viking half Horn &#8211; S"},"content":{"rendered":"<p><span>Dieses Horn stammt von einerspeziellen, veranwortungsvoll aufgezogenen Rinderart. Das Horn h\u00e4ltextra lange, also garantiert langen Spiel- und Kauspa\u00df.\u00a0<br \/>Dieses Hornhilft, die Z\u00e4hne zu reinigen und das Zahnfleisch zu massieren.Biologisch und schmackhaft, unwiderstehlich f\u00fcr jeden Hund!<\/span><\/p>\n<p><span><\/span><\/p>\n<ul>\n<li><span>H\u00e4lt extra lang<\/span><\/li>\n<li><span>Hilft, die Z\u00e4hne zu reinigen\u00a0<\/span><\/li>\n<li><span>100% nat\u00fcrliche Fasern<\/span><\/li>\n<li><span>Hypoallergen<\/span><\/li>\n<li><span>Frei von Additiven und Konservierungsmitteln<\/span><\/li>\n<\/ul>\n<p><span><\/span><\/p>\n<p><span>Gr\u00f6\u00dfe:<br \/>S &#8211; VIKI12 (ca. 12 x 4 cm) = f\u00fcr Hunde von 1 bis zu 4 kg<br \/><\/span><\/p>\n<p><span>Achtung: Spielen und Kauen unter Aufsicht!<\/span><\/p>\n","protected":false},"excerpt":{"rendered":"<p>Dieses Horn stammt von einerspeziellen, veranwortungsvoll aufgezogenen Rinderart. Das Horn h\u00e4ltextra lange, also garantiert langen Spiel- und Kauspa\u00df.\u00a0Dieses Hornhilft, die Z\u00e4hne zu reinigen und das Zahnfleisch zu massieren.Biologisch und schmackhaft, unwiderstehlich f\u00fcr jeden Hund! H\u00e4lt extra lang Hilft, die Z\u00e4hne zu reinigen\u00a0 100% nat\u00fcrliche Fasern Hypoallergen Frei von Additiven und Konservierungsmitteln Gr\u00f6\u00dfe:S &#8211; VIKI12 (ca. [&hellip;]<\/p>\n","protected":false},"featured_media":52184,"comment_status":"closed","ping_status":"open","template":"","meta":[],"product_cat":[15342],"product_tag":[],"class_list":{"0":"post-52183","1":"product","2":"type-product","3":"status-publish","4":"has-post-thumbnail","6":"product_cat-viking","8":"first","9":"instock","10":"taxable","11":"shipping-taxable","12":"purchasable","13":"product-type-simple"},"_links":{"self":[{"href":"https:\/\/all-pets.de\/shop\/wp-json\/wp\/v2\/product\/52183","targetHints":{"allow":["GET"]}}],"collection":[{"href":"https:\/\/all-pets.de\/shop\/wp-json\/wp\/v2\/product"}],"about":[{"href":"https:\/\/all-pets.de\/shop\/wp-json\/wp\/v2\/types\/product"}],"replies":[{"embeddable":true,"href":"https:\/\/all-pets.de\/shop\/wp-json\/wp\/v2\/comments?post=52183"}],"wp:featuredmedia":[{"embeddable":true,"href":"https:\/\/all-pets.de\/shop\/wp-json\/wp\/v2\/media\/52184"}],"wp:attachment":[{"href":"https:\/\/all-pets.de\/shop\/wp-json\/wp\/v2\/media?parent=52183"}],"wp:term":[{"taxonomy":"product_cat","embeddable":true,"href":"https:\/\/all-pets.de\/shop\/wp-json\/wp\/v2\/product_cat?post=52183"},{"taxonomy":"product_tag","embeddable":true,"href":"https:\/\/all-pets.de\/shop\/wp-json\/wp\/v2\/product_tag?post=52183"}],"curies":[{"name":"wp","href":"https:\/\/api.w.org\/{rel}","templated":true}]}}