{"id":52195,"date":"2023-12-12T12:42:00","date_gmt":"2023-12-12T11:42:00","guid":{"rendered":"https:\/\/pet-shopping.de\/shop\/produkt\/flexi-rollleine-new-classic-seil-8m-bis-20kg-schwarz\/"},"modified":"2023-12-12T12:42:00","modified_gmt":"2023-12-12T11:42:00","slug":"flexi-rollleine-new-classic-seil-8m-bis-20kg-schwarz","status":"publish","type":"product","link":"https:\/\/all-pets.de\/shop\/produkt\/flexi-rollleine-new-classic-seil-8m-bis-20kg-schwarz\/","title":{"rendered":"FLEXI Rollleine New CLASSIC Seil &#8211; 8m, bis 20kg &#8211; Schwarz"},"content":{"rendered":"<ul>\n<li>mit Kurzhub-Bremssystem<\/li>\n<li>mit reflektierendem Streifen im vorderen Gurtst\u00fcck<\/li>\n<li>erweiterbar durch flexi Multi Box und LED Lighting System<\/li>\n<li>Gr\u00f6\u00dfe M <\/li>\n<li>Seill\u00e4nge: 8m<\/li>\n<li>bis 20kg K\u00f6rpergewicht<\/li>\n<li>Farbe: Schwarz <\/li>\n<\/ul>\n","protected":false},"excerpt":{"rendered":"<p>mit Kurzhub-Bremssystem mit reflektierendem Streifen im vorderen Gurtst\u00fcck erweiterbar durch flexi Multi Box und LED Lighting System Gr\u00f6\u00dfe M Seill\u00e4nge: 8m bis 20kg K\u00f6rpergewicht Farbe: Schwarz<\/p>\n","protected":false},"featured_media":23222,"comment_status":"closed","ping_status":"open","template":"","meta":[],"product_cat":[15321],"product_tag":[],"class_list":{"0":"post-52195","1":"product","2":"type-product","3":"status-publish","4":"has-post-thumbnail","6":"product_cat-roll-leinen","8":"first","9":"instock","10":"taxable","11":"shipping-taxable","12":"purchasable","13":"product-type-simple"},"_links":{"self":[{"href":"https:\/\/all-pets.de\/shop\/wp-json\/wp\/v2\/product\/52195","targetHints":{"allow":["GET"]}}],"collection":[{"href":"https:\/\/all-pets.de\/shop\/wp-json\/wp\/v2\/product"}],"about":[{"href":"https:\/\/all-pets.de\/shop\/wp-json\/wp\/v2\/types\/product"}],"replies":[{"embeddable":true,"href":"https:\/\/all-pets.de\/shop\/wp-json\/wp\/v2\/comments?post=52195"}],"wp:featuredmedia":[{"embeddable":true,"href":"https:\/\/all-pets.de\/shop\/wp-json\/wp\/v2\/media\/23222"}],"wp:attachment":[{"href":"https:\/\/all-pets.de\/shop\/wp-json\/wp\/v2\/media?parent=52195"}],"wp:term":[{"taxonomy":"product_cat","embeddable":true,"href":"https:\/\/all-pets.de\/shop\/wp-json\/wp\/v2\/product_cat?post=52195"},{"taxonomy":"product_tag","embeddable":true,"href":"https:\/\/all-pets.de\/shop\/wp-json\/wp\/v2\/product_tag?post=52195"}],"curies":[{"name":"wp","href":"https:\/\/api.w.org\/{rel}","templated":true}]}}