{"id":52206,"date":"2023-12-12T12:42:01","date_gmt":"2023-12-12T11:42:01","guid":{"rendered":"https:\/\/pet-shopping.de\/shop\/produkt\/trixie-be-nordic-bett-foehr-dunkelgrau-100-x-80-cm\/"},"modified":"2023-12-12T12:42:02","modified_gmt":"2023-12-12T11:42:02","slug":"trixie-be-nordic-bett-foehr-dunkelgrau-100-x-80-cm","status":"publish","type":"product","link":"https:\/\/all-pets.de\/shop\/produkt\/trixie-be-nordic-bett-foehr-dunkelgrau-100-x-80-cm\/","title":{"rendered":"Trixie BE NORDIC Bett F\u00f6hr &#8211; dunkelgrau &#8211; 100 x 80 cm"},"content":{"rendered":"<ul>\n<li>Canvas-Haptik<\/li>\n<li>Baumwoll-\/Polyester-Bezug<\/li>\n<li>Schaumstoffflocken-F\u00fcllung<\/li>\n<li>mit fest integriertem Kissen<\/li>\n<li>besonders robust und hochwertig<\/li>\n<li>mit Tragegriff<\/li>\n<li>Bezug abnehmbar und bei 40\u00b0C waschbar<\/li>\n<li>rutschfester Boden<\/li>\n<li>hergestellt in der EU<\/li>\n<li>Farbe: dunkelgrau<\/li>\n<li>Gr\u00f6\u00dfe: ca. 100 x 80 cm<\/li>\n<\/ul>\n<div class=\"infotextWrap\">Aus dem Verkauf der Serie unterst\u00fctzt TRIXIE Meeresschutzprojekte und leistet damit einen Beitrag zum Natur- und Artenschutz.<\/div>\n","protected":false},"excerpt":{"rendered":"<p>Canvas-Haptik Baumwoll-\/Polyester-Bezug Schaumstoffflocken-F\u00fcllung mit fest integriertem Kissen besonders robust und hochwertig mit Tragegriff Bezug abnehmbar und bei 40\u00b0C waschbar rutschfester Boden hergestellt in der EU Farbe: dunkelgrau Gr\u00f6\u00dfe: ca. 100 x 80 cm Aus dem Verkauf der Serie unterst\u00fctzt TRIXIE Meeresschutzprojekte und leistet damit einen Beitrag zum Natur- und Artenschutz.<\/p>\n","protected":false},"featured_media":23321,"comment_status":"closed","ping_status":"open","template":"","meta":[],"product_cat":[15113],"product_tag":[],"class_list":{"0":"post-52206","1":"product","2":"type-product","3":"status-publish","4":"has-post-thumbnail","6":"product_cat-hundebetten-hundekissen-betten-koerbe","8":"first","9":"instock","10":"taxable","11":"shipping-taxable","12":"purchasable","13":"product-type-simple"},"_links":{"self":[{"href":"https:\/\/all-pets.de\/shop\/wp-json\/wp\/v2\/product\/52206","targetHints":{"allow":["GET"]}}],"collection":[{"href":"https:\/\/all-pets.de\/shop\/wp-json\/wp\/v2\/product"}],"about":[{"href":"https:\/\/all-pets.de\/shop\/wp-json\/wp\/v2\/types\/product"}],"replies":[{"embeddable":true,"href":"https:\/\/all-pets.de\/shop\/wp-json\/wp\/v2\/comments?post=52206"}],"wp:featuredmedia":[{"embeddable":true,"href":"https:\/\/all-pets.de\/shop\/wp-json\/wp\/v2\/media\/23321"}],"wp:attachment":[{"href":"https:\/\/all-pets.de\/shop\/wp-json\/wp\/v2\/media?parent=52206"}],"wp:term":[{"taxonomy":"product_cat","embeddable":true,"href":"https:\/\/all-pets.de\/shop\/wp-json\/wp\/v2\/product_cat?post=52206"},{"taxonomy":"product_tag","embeddable":true,"href":"https:\/\/all-pets.de\/shop\/wp-json\/wp\/v2\/product_tag?post=52206"}],"curies":[{"name":"wp","href":"https:\/\/api.w.org\/{rel}","templated":true}]}}