{"id":52208,"date":"2023-12-12T12:42:01","date_gmt":"2023-12-12T11:42:01","guid":{"rendered":"https:\/\/pet-shopping.de\/shop\/produkt\/karlie-flugzeug-transportbox-nomad-xs\/"},"modified":"2023-12-12T12:42:02","modified_gmt":"2023-12-12T11:42:02","slug":"karlie-flugzeug-transportbox-nomad-xs","status":"publish","type":"product","link":"https:\/\/all-pets.de\/shop\/produkt\/karlie-flugzeug-transportbox-nomad-xs\/","title":{"rendered":"Karlie Flugzeug-Transportbox Nomad &#8211; XS"},"content":{"rendered":"<p>Die Transportbox Nomad ist bei allen Europ\u00e4ischen Luftfahrgesellschaften zugelassen und eignet sich somit ideal zum Transport Ihres Tieres w\u00e4hrend Flugreisen.<\/p>\n<p>Selbstverst\u00e4ndlich ist sie aber auch im Auto oder beim Arztbesuch ein idealer Begleiter.<\/p>\n<p>Ma\u00dfe Gr\u00f6\u00dfe XS: ca. 51 x 33,5 x 33 cm (LxBxH)<\/p>\n","protected":false},"excerpt":{"rendered":"<p>Die Transportbox Nomad ist bei allen Europ\u00e4ischen Luftfahrgesellschaften zugelassen und eignet sich somit ideal zum Transport Ihres Tieres w\u00e4hrend Flugreisen. Selbstverst\u00e4ndlich ist sie aber auch im Auto oder beim Arztbesuch ein idealer Begleiter. Ma\u00dfe Gr\u00f6\u00dfe XS: ca. 51 x 33,5 x 33 cm (LxBxH)<\/p>\n","protected":false},"featured_media":23335,"comment_status":"closed","ping_status":"open","template":"","meta":[],"product_cat":[15160],"product_tag":[],"class_list":{"0":"post-52208","1":"product","2":"type-product","3":"status-publish","4":"has-post-thumbnail","6":"product_cat-transportboxen-reise-transport-katzentransportboxenhundewelt","8":"first","9":"instock","10":"taxable","11":"shipping-taxable","12":"purchasable","13":"product-type-simple"},"_links":{"self":[{"href":"https:\/\/all-pets.de\/shop\/wp-json\/wp\/v2\/product\/52208","targetHints":{"allow":["GET"]}}],"collection":[{"href":"https:\/\/all-pets.de\/shop\/wp-json\/wp\/v2\/product"}],"about":[{"href":"https:\/\/all-pets.de\/shop\/wp-json\/wp\/v2\/types\/product"}],"replies":[{"embeddable":true,"href":"https:\/\/all-pets.de\/shop\/wp-json\/wp\/v2\/comments?post=52208"}],"wp:featuredmedia":[{"embeddable":true,"href":"https:\/\/all-pets.de\/shop\/wp-json\/wp\/v2\/media\/23335"}],"wp:attachment":[{"href":"https:\/\/all-pets.de\/shop\/wp-json\/wp\/v2\/media?parent=52208"}],"wp:term":[{"taxonomy":"product_cat","embeddable":true,"href":"https:\/\/all-pets.de\/shop\/wp-json\/wp\/v2\/product_cat?post=52208"},{"taxonomy":"product_tag","embeddable":true,"href":"https:\/\/all-pets.de\/shop\/wp-json\/wp\/v2\/product_tag?post=52208"}],"curies":[{"name":"wp","href":"https:\/\/api.w.org\/{rel}","templated":true}]}}