{"id":52215,"date":"2023-12-12T12:42:03","date_gmt":"2023-12-12T11:42:03","guid":{"rendered":"https:\/\/pet-shopping.de\/shop\/produkt\/dog-comets-pan-stars-treibei-orange-m\/"},"modified":"2023-12-12T12:42:04","modified_gmt":"2023-12-12T11:42:04","slug":"dog-comets-pan-stars-treibei-orange-m","status":"publish","type":"product","link":"https:\/\/all-pets.de\/shop\/produkt\/dog-comets-pan-stars-treibei-orange-m\/","title":{"rendered":"Dog Comets Pan-Stars Treibei &#8211; Orange \/ M"},"content":{"rendered":"<p>Einfach unwiderstehlich! Schie\u00dft in alle Richtungen, wenn Ihr Hund ihn greifen oder festklammern will. Perfekt f\u00fcr den Einsatz in flachem Wasser.<\/p>\n<p><strong>\u00dcber 1.000.000 Lichtjahre von uns, weit weg im Universum, hat sich dieser Komet entwickelt, um Ihrem Hund maximalen Spielspa\u00df zu verleihen.<\/p>\n<p><\/strong>\u2022 Schie\u00dft in alle Richtungen<br \/> \u2022 Treibt auf dem Wasser<br \/> \u2022 Robust<\/p>\n<p>Gr\u00f6\u00dfe M: ca. 20 cm<br \/> Farbe: Orange<\/p>\n","protected":false},"excerpt":{"rendered":"<p>Einfach unwiderstehlich! Schie\u00dft in alle Richtungen, wenn Ihr Hund ihn greifen oder festklammern will. Perfekt f\u00fcr den Einsatz in flachem Wasser. \u00dcber 1.000.000 Lichtjahre von uns, weit weg im Universum, hat sich dieser Komet entwickelt, um Ihrem Hund maximalen Spielspa\u00df zu verleihen. \u2022 Schie\u00dft in alle Richtungen \u2022 Treibt auf dem Wasser \u2022 Robust Gr\u00f6\u00dfe [&hellip;]<\/p>\n","protected":false},"featured_media":8973,"comment_status":"closed","ping_status":"open","template":"","meta":[],"product_cat":[15406],"product_tag":[],"class_list":{"0":"post-52215","1":"product","2":"type-product","3":"status-publish","4":"has-post-thumbnail","6":"product_cat-agility-training-hundespielzeug-sport-hundebaellehundewelt","8":"first","9":"instock","10":"taxable","11":"shipping-taxable","12":"purchasable","13":"product-type-simple"},"_links":{"self":[{"href":"https:\/\/all-pets.de\/shop\/wp-json\/wp\/v2\/product\/52215","targetHints":{"allow":["GET"]}}],"collection":[{"href":"https:\/\/all-pets.de\/shop\/wp-json\/wp\/v2\/product"}],"about":[{"href":"https:\/\/all-pets.de\/shop\/wp-json\/wp\/v2\/types\/product"}],"replies":[{"embeddable":true,"href":"https:\/\/all-pets.de\/shop\/wp-json\/wp\/v2\/comments?post=52215"}],"wp:featuredmedia":[{"embeddable":true,"href":"https:\/\/all-pets.de\/shop\/wp-json\/wp\/v2\/media\/8973"}],"wp:attachment":[{"href":"https:\/\/all-pets.de\/shop\/wp-json\/wp\/v2\/media?parent=52215"}],"wp:term":[{"taxonomy":"product_cat","embeddable":true,"href":"https:\/\/all-pets.de\/shop\/wp-json\/wp\/v2\/product_cat?post=52215"},{"taxonomy":"product_tag","embeddable":true,"href":"https:\/\/all-pets.de\/shop\/wp-json\/wp\/v2\/product_tag?post=52215"}],"curies":[{"name":"wp","href":"https:\/\/api.w.org\/{rel}","templated":true}]}}