{"id":52224,"date":"2023-12-12T12:42:03","date_gmt":"2023-12-12T11:42:03","guid":{"rendered":"https:\/\/pet-shopping.de\/shop\/produkt\/trixie-tragetasche-alina-27-x-27-x-52-cm-anthrazit-bordeaux\/"},"modified":"2023-12-12T12:42:05","modified_gmt":"2023-12-12T11:42:05","slug":"trixie-tragetasche-alina-27-x-27-x-52-cm-anthrazit-bordeaux","status":"publish","type":"product","link":"https:\/\/all-pets.de\/shop\/produkt\/trixie-tragetasche-alina-27-x-27-x-52-cm-anthrazit-bordeaux\/","title":{"rendered":"Trixie Tragetasche Alina &#8211; 27 \u00d7 27 \u00d7 52 cm &#8211; anthrazit\/bordeaux"},"content":{"rendered":"<ul>\n<li>von vorne zu \u00f6ffnen<\/li>\n<li>mit Netztasche<\/li>\n<li>abnehmbarer Schulterriemen<\/li>\n<li>mit integrierter Kurzleine<\/li>\n<li>gepolsterter Boden<\/li>\n<li>Polyester<\/li>\n<li>Ma\u00dfe: ca. 27 \u00d7 27 \u00d7 52 cm<\/li>\n<li>f\u00fcr Tiere bis zu 6 kg K\u00f6rpergewicht<\/li>\n<li>Farbe: anthrazit\/bordeaux<\/li>\n<\/ul>\n","protected":false},"excerpt":{"rendered":"<p>von vorne zu \u00f6ffnen mit Netztasche abnehmbarer Schulterriemen mit integrierter Kurzleine gepolsterter Boden Polyester Ma\u00dfe: ca. 27 \u00d7 27 \u00d7 52 cm f\u00fcr Tiere bis zu 6 kg K\u00f6rpergewicht Farbe: anthrazit\/bordeaux<\/p>\n","protected":false},"featured_media":52225,"comment_status":"closed","ping_status":"open","template":"","meta":[],"product_cat":[15605],"product_tag":[],"class_list":{"0":"post-52224","1":"product","2":"type-product","3":"status-publish","4":"has-post-thumbnail","6":"product_cat-katzentragetaschen-katzentransport-reise-hundetaschenkatzenwelt-reise-transport-tragetaschenhundewelt","8":"first","9":"instock","10":"taxable","11":"shipping-taxable","12":"purchasable","13":"product-type-simple"},"_links":{"self":[{"href":"https:\/\/all-pets.de\/shop\/wp-json\/wp\/v2\/product\/52224","targetHints":{"allow":["GET"]}}],"collection":[{"href":"https:\/\/all-pets.de\/shop\/wp-json\/wp\/v2\/product"}],"about":[{"href":"https:\/\/all-pets.de\/shop\/wp-json\/wp\/v2\/types\/product"}],"replies":[{"embeddable":true,"href":"https:\/\/all-pets.de\/shop\/wp-json\/wp\/v2\/comments?post=52224"}],"wp:featuredmedia":[{"embeddable":true,"href":"https:\/\/all-pets.de\/shop\/wp-json\/wp\/v2\/media\/52225"}],"wp:attachment":[{"href":"https:\/\/all-pets.de\/shop\/wp-json\/wp\/v2\/media?parent=52224"}],"wp:term":[{"taxonomy":"product_cat","embeddable":true,"href":"https:\/\/all-pets.de\/shop\/wp-json\/wp\/v2\/product_cat?post=52224"},{"taxonomy":"product_tag","embeddable":true,"href":"https:\/\/all-pets.de\/shop\/wp-json\/wp\/v2\/product_tag?post=52224"}],"curies":[{"name":"wp","href":"https:\/\/api.w.org\/{rel}","templated":true}]}}