{"id":52228,"date":"2023-12-12T12:42:07","date_gmt":"2023-12-12T11:42:07","guid":{"rendered":"https:\/\/pet-shopping.de\/shop\/produkt\/country-dog-chewie-s\/"},"modified":"2023-12-12T12:42:07","modified_gmt":"2023-12-12T11:42:07","slug":"country-dog-chewie-s","status":"publish","type":"product","link":"https:\/\/all-pets.de\/shop\/produkt\/country-dog-chewie-s\/","title":{"rendered":"Country Dog Chewie &#8211; S"},"content":{"rendered":"<p>Dieses coole Leinenstoff Kuscheltier f\u00fcr Ihren Hund, versteckt im Inneren einen spannenden Quietscher und eine raschelnde F\u00fcllung f\u00fcr extra Spielspa\u00df.<\/p>\n<p>Gr\u00f6\u00dfe S: ca. 17 cm<\/p>\n","protected":false},"excerpt":{"rendered":"<p>Dieses coole Leinenstoff Kuscheltier f\u00fcr Ihren Hund, versteckt im Inneren einen spannenden Quietscher und eine raschelnde F\u00fcllung f\u00fcr extra Spielspa\u00df. Gr\u00f6\u00dfe S: ca. 17 cm<\/p>\n","protected":false},"featured_media":23454,"comment_status":"closed","ping_status":"open","template":"","meta":[],"product_cat":[13803],"product_tag":[],"class_list":{"0":"post-52228","1":"product","2":"type-product","3":"status-publish","4":"has-post-thumbnail","6":"product_cat-nachhaltiges-hundespielzeug","8":"first","9":"instock","10":"taxable","11":"shipping-taxable","12":"purchasable","13":"product-type-simple"},"_links":{"self":[{"href":"https:\/\/all-pets.de\/shop\/wp-json\/wp\/v2\/product\/52228","targetHints":{"allow":["GET"]}}],"collection":[{"href":"https:\/\/all-pets.de\/shop\/wp-json\/wp\/v2\/product"}],"about":[{"href":"https:\/\/all-pets.de\/shop\/wp-json\/wp\/v2\/types\/product"}],"replies":[{"embeddable":true,"href":"https:\/\/all-pets.de\/shop\/wp-json\/wp\/v2\/comments?post=52228"}],"wp:featuredmedia":[{"embeddable":true,"href":"https:\/\/all-pets.de\/shop\/wp-json\/wp\/v2\/media\/23454"}],"wp:attachment":[{"href":"https:\/\/all-pets.de\/shop\/wp-json\/wp\/v2\/media?parent=52228"}],"wp:term":[{"taxonomy":"product_cat","embeddable":true,"href":"https:\/\/all-pets.de\/shop\/wp-json\/wp\/v2\/product_cat?post=52228"},{"taxonomy":"product_tag","embeddable":true,"href":"https:\/\/all-pets.de\/shop\/wp-json\/wp\/v2\/product_tag?post=52228"}],"curies":[{"name":"wp","href":"https:\/\/api.w.org\/{rel}","templated":true}]}}