{"id":52230,"date":"2023-12-12T12:42:07","date_gmt":"2023-12-12T11:42:07","guid":{"rendered":"https:\/\/pet-shopping.de\/shop\/produkt\/trixie-reisedecke-bendson-dunkelgrau-hellgrau-100-x-65-cm\/"},"modified":"2023-12-12T12:42:07","modified_gmt":"2023-12-12T11:42:07","slug":"trixie-reisedecke-bendson-dunkelgrau-hellgrau-100-x-65-cm","status":"publish","type":"product","link":"https:\/\/all-pets.de\/shop\/produkt\/trixie-reisedecke-bendson-dunkelgrau-hellgrau-100-x-65-cm\/","title":{"rendered":"Trixie Reisedecke Bendson &#8211; dunkelgrau\/hellgrau &#8211; 100 \u00d7 65 cm"},"content":{"rendered":"<ul>\n<li>Pl\u00fcsch\/robuster Webstoff<\/li>\n<li>Polyester-Bezug<\/li>\n<li>Polyestervlies-F\u00fcllung, 4 cm<\/li>\n<li>gesteppt<\/li>\n<li>mit Tragegriff<\/li>\n<li>platzsparend zusammenzurollen und durch Klettverschl\u00fcsse zu verschlie\u00dfen<\/li>\n<li>hergestellt in der EU<\/li>\n<li>waschbar bei 30\u00b0C<\/li>\n<li>Farbe: dunkelgrau\/hellgrau<\/li>\n<li>Gr\u00f6\u00dfe: ca. 100 \u00d7 65 cm<\/li>\n<\/ul>\n","protected":false},"excerpt":{"rendered":"<p>Pl\u00fcsch\/robuster Webstoff Polyester-Bezug Polyestervlies-F\u00fcllung, 4 cm gesteppt mit Tragegriff platzsparend zusammenzurollen und durch Klettverschl\u00fcsse zu verschlie\u00dfen hergestellt in der EU waschbar bei 30\u00b0C Farbe: dunkelgrau\/hellgrau Gr\u00f6\u00dfe: ca. 100 \u00d7 65 cm<\/p>\n","protected":false},"featured_media":52231,"comment_status":"closed","ping_status":"open","template":"","meta":[],"product_cat":[14034],"product_tag":[],"class_list":{"0":"post-52230","1":"product","2":"type-product","3":"status-publish","4":"has-post-thumbnail","6":"product_cat-liegedecken-betten-koerbe","8":"first","9":"instock","10":"taxable","11":"shipping-taxable","12":"purchasable","13":"product-type-simple"},"_links":{"self":[{"href":"https:\/\/all-pets.de\/shop\/wp-json\/wp\/v2\/product\/52230","targetHints":{"allow":["GET"]}}],"collection":[{"href":"https:\/\/all-pets.de\/shop\/wp-json\/wp\/v2\/product"}],"about":[{"href":"https:\/\/all-pets.de\/shop\/wp-json\/wp\/v2\/types\/product"}],"replies":[{"embeddable":true,"href":"https:\/\/all-pets.de\/shop\/wp-json\/wp\/v2\/comments?post=52230"}],"wp:featuredmedia":[{"embeddable":true,"href":"https:\/\/all-pets.de\/shop\/wp-json\/wp\/v2\/media\/52231"}],"wp:attachment":[{"href":"https:\/\/all-pets.de\/shop\/wp-json\/wp\/v2\/media?parent=52230"}],"wp:term":[{"taxonomy":"product_cat","embeddable":true,"href":"https:\/\/all-pets.de\/shop\/wp-json\/wp\/v2\/product_cat?post=52230"},{"taxonomy":"product_tag","embeddable":true,"href":"https:\/\/all-pets.de\/shop\/wp-json\/wp\/v2\/product_tag?post=52230"}],"curies":[{"name":"wp","href":"https:\/\/api.w.org\/{rel}","templated":true}]}}