{"id":52235,"date":"2023-12-12T12:42:07","date_gmt":"2023-12-12T11:42:07","guid":{"rendered":"https:\/\/pet-shopping.de\/shop\/produkt\/trixie-baldrian-spielspray-50-ml\/"},"modified":"2023-12-12T12:42:08","modified_gmt":"2023-12-12T11:42:08","slug":"trixie-baldrian-spielspray-50-ml","status":"publish","type":"product","link":"https:\/\/all-pets.de\/shop\/produkt\/trixie-baldrian-spielspray-50-ml\/","title":{"rendered":"Trixie Baldrian-Spielspray &#8211; 50 ml"},"content":{"rendered":"<p>Das Trixie Baldrian-Spielspray wirkt durch den Duft des enthaltenen Pflanzenextraktes spielanregend, berauschend und euphorisierend auf die meisten Katzen. Abh\u00e4ngig vom Wesen der Katze kann es auch beruhigen und zum Schmusen anregen.<\/p>\n<p>Man spr\u00fcht es auf Decken, Spielzeuge oder andere Gegenst\u00e4nde zum Spielen und Schmusen.<\/p>\n<p>Bitte beachten: Nicht h\u00e4ufiger als 1-2 mal pro Woche anwenden um eine \u00dcberreizung zu vermeiden. Katze selbst nicht bespr\u00fchen. Unzug\u00e4nglich f\u00fcr Kinder aufbewahren. <\/p>\n<p>Inhalt: 50 ml <\/p>\n","protected":false},"excerpt":{"rendered":"<p>Das Trixie Baldrian-Spielspray wirkt durch den Duft des enthaltenen Pflanzenextraktes spielanregend, berauschend und euphorisierend auf die meisten Katzen. Abh\u00e4ngig vom Wesen der Katze kann es auch beruhigen und zum Schmusen anregen. Man spr\u00fcht es auf Decken, Spielzeuge oder andere Gegenst\u00e4nde zum Spielen und Schmusen. Bitte beachten: Nicht h\u00e4ufiger als 1-2 mal pro Woche anwenden um [&hellip;]<\/p>\n","protected":false},"featured_media":23496,"comment_status":"closed","ping_status":"open","template":"","meta":[],"product_cat":[14644],"product_tag":[],"class_list":{"0":"post-52235","1":"product","2":"type-product","3":"status-publish","4":"has-post-thumbnail","6":"product_cat-catnip-baldrian-spielzeug-katzenspielzeug-weitere-spielzeugekatzenwelt","8":"first","9":"instock","10":"taxable","11":"shipping-taxable","12":"purchasable","13":"product-type-simple"},"_links":{"self":[{"href":"https:\/\/all-pets.de\/shop\/wp-json\/wp\/v2\/product\/52235","targetHints":{"allow":["GET"]}}],"collection":[{"href":"https:\/\/all-pets.de\/shop\/wp-json\/wp\/v2\/product"}],"about":[{"href":"https:\/\/all-pets.de\/shop\/wp-json\/wp\/v2\/types\/product"}],"replies":[{"embeddable":true,"href":"https:\/\/all-pets.de\/shop\/wp-json\/wp\/v2\/comments?post=52235"}],"wp:featuredmedia":[{"embeddable":true,"href":"https:\/\/all-pets.de\/shop\/wp-json\/wp\/v2\/media\/23496"}],"wp:attachment":[{"href":"https:\/\/all-pets.de\/shop\/wp-json\/wp\/v2\/media?parent=52235"}],"wp:term":[{"taxonomy":"product_cat","embeddable":true,"href":"https:\/\/all-pets.de\/shop\/wp-json\/wp\/v2\/product_cat?post=52235"},{"taxonomy":"product_tag","embeddable":true,"href":"https:\/\/all-pets.de\/shop\/wp-json\/wp\/v2\/product_tag?post=52235"}],"curies":[{"name":"wp","href":"https:\/\/api.w.org\/{rel}","templated":true}]}}