{"id":52271,"date":"2023-12-12T12:42:14","date_gmt":"2023-12-12T11:42:14","guid":{"rendered":"https:\/\/pet-shopping.de\/shop\/produkt\/trixie-keramiknapf-mit-musterung-blau-09-l-o-16-cm\/"},"modified":"2023-12-12T12:42:16","modified_gmt":"2023-12-12T11:42:16","slug":"trixie-keramiknapf-mit-musterung-blau-09-l-o-16-cm","status":"publish","type":"product","link":"https:\/\/all-pets.de\/shop\/produkt\/trixie-keramiknapf-mit-musterung-blau-09-l-o-16-cm\/","title":{"rendered":"Trixie Keramiknapf mit Musterung &#8211; blau &#8211; 0,9 l\/\u00f8 16 cm"},"content":{"rendered":"<p>Sch\u00f6ner Keramiknapf f\u00fcr Hunde in zeitlosem Design. <\/p>\n<p>Fassungsverm\u00f6gen: ca. 0,9 l<\/p>\n<p>Durchmesser: ca. 16 cm<\/p>\n<p>Farbe: blau<\/p><\/p>\n","protected":false},"excerpt":{"rendered":"<p>Sch\u00f6ner Keramiknapf f\u00fcr Hunde in zeitlosem Design. Fassungsverm\u00f6gen: ca. 0,9 l Durchmesser: ca. 16 cm Farbe: blau<\/p>\n","protected":false},"featured_media":52272,"comment_status":"closed","ping_status":"open","template":"","meta":[],"product_cat":[14361],"product_tag":[],"class_list":{"0":"post-52271","1":"product","2":"type-product","3":"status-publish","4":"has-post-thumbnail","6":"product_cat-futter-wassernaepfe-hundenaepfe-traenken","8":"first","9":"instock","10":"taxable","11":"shipping-taxable","12":"purchasable","13":"product-type-simple"},"_links":{"self":[{"href":"https:\/\/all-pets.de\/shop\/wp-json\/wp\/v2\/product\/52271","targetHints":{"allow":["GET"]}}],"collection":[{"href":"https:\/\/all-pets.de\/shop\/wp-json\/wp\/v2\/product"}],"about":[{"href":"https:\/\/all-pets.de\/shop\/wp-json\/wp\/v2\/types\/product"}],"replies":[{"embeddable":true,"href":"https:\/\/all-pets.de\/shop\/wp-json\/wp\/v2\/comments?post=52271"}],"wp:featuredmedia":[{"embeddable":true,"href":"https:\/\/all-pets.de\/shop\/wp-json\/wp\/v2\/media\/52272"}],"wp:attachment":[{"href":"https:\/\/all-pets.de\/shop\/wp-json\/wp\/v2\/media?parent=52271"}],"wp:term":[{"taxonomy":"product_cat","embeddable":true,"href":"https:\/\/all-pets.de\/shop\/wp-json\/wp\/v2\/product_cat?post=52271"},{"taxonomy":"product_tag","embeddable":true,"href":"https:\/\/all-pets.de\/shop\/wp-json\/wp\/v2\/product_tag?post=52271"}],"curies":[{"name":"wp","href":"https:\/\/api.w.org\/{rel}","templated":true}]}}