{"id":52292,"date":"2023-12-12T12:42:18","date_gmt":"2023-12-12T11:42:18","guid":{"rendered":"https:\/\/pet-shopping.de\/shop\/produkt\/karlie-halsband-cork-rustic-45cm-20mm\/"},"modified":"2023-12-12T12:42:19","modified_gmt":"2023-12-12T11:42:19","slug":"karlie-halsband-cork-rustic-45cm-20mm","status":"publish","type":"product","link":"https:\/\/all-pets.de\/shop\/produkt\/karlie-halsband-cork-rustic-45cm-20mm\/","title":{"rendered":"Karlie Halsband Cork &#8211; Rustic &#8211; 45cm \/ 20mm"},"content":{"rendered":"<p>Wie der Name es bereits vermuten l\u00e4sst, ist es Kork, das mit dem Leder verbunden und dann abgen\u00e4ht wird. Die hellen und dunklen N\u00e4hte bilden dabei einen interessanten Kontrast zur jeweiligen Farbe des Korks und des Leders und werden durch verchromte Beschl\u00e4ge stilvoll erg\u00e4nzt.<\/p>\n<p>Au\u00dferdem liegt das Vollleder der Leinen und F\u00fchrleinen auch auf langen Spazierg\u00e4ngen sehr angenehm in der Hand. <\/p>\n<p>Kork ist ein Naturprodukt, es weist verschiedene Musterungen auf und verleiht den Artikeln ein individuelles Aussehen.<\/p>\n<ul class=\"a-unordered-list a-vertical a-spacing-mini\">\n<li><span class=\"a-list-item\"> Hochwertiger Kork<\/span><\/li>\n<li><span class=\"a-list-item\"> Handmade in Germany<\/span><\/li>\n<li><span class=\"a-list-item\"> Vollnarbenleder als Tr\u00e4germaterial<\/span><\/li>\n<li><span class=\"a-list-item\">genietet<\/span><\/li>\n<li><span class=\"a-list-item\">abgen\u00e4ht<br \/><\/span><\/li>\n<li><span class=\"a-list-item\">Farbe: rustic<\/span><\/li>\n<li><span class=\"a-list-item\">Gesamtl\u00e4nge: ca. 45 cm<\/span><\/li>\n<li><span class=\"a-list-item\">Breite: ca. 20 mm<\/span><\/li>\n<\/ul>\n","protected":false},"excerpt":{"rendered":"<p>Wie der Name es bereits vermuten l\u00e4sst, ist es Kork, das mit dem Leder verbunden und dann abgen\u00e4ht wird. Die hellen und dunklen N\u00e4hte bilden dabei einen interessanten Kontrast zur jeweiligen Farbe des Korks und des Leders und werden durch verchromte Beschl\u00e4ge stilvoll erg\u00e4nzt. Au\u00dferdem liegt das Vollleder der Leinen und F\u00fchrleinen auch auf langen [&hellip;]<\/p>\n","protected":false},"featured_media":52289,"comment_status":"closed","ping_status":"open","template":"","meta":[],"product_cat":[13790],"product_tag":[],"class_list":{"0":"post-52292","1":"product","2":"type-product","3":"status-publish","4":"has-post-thumbnail","6":"product_cat-lederhalsbaender","8":"first","9":"instock","10":"taxable","11":"shipping-taxable","12":"purchasable","13":"product-type-simple"},"_links":{"self":[{"href":"https:\/\/all-pets.de\/shop\/wp-json\/wp\/v2\/product\/52292","targetHints":{"allow":["GET"]}}],"collection":[{"href":"https:\/\/all-pets.de\/shop\/wp-json\/wp\/v2\/product"}],"about":[{"href":"https:\/\/all-pets.de\/shop\/wp-json\/wp\/v2\/types\/product"}],"replies":[{"embeddable":true,"href":"https:\/\/all-pets.de\/shop\/wp-json\/wp\/v2\/comments?post=52292"}],"wp:featuredmedia":[{"embeddable":true,"href":"https:\/\/all-pets.de\/shop\/wp-json\/wp\/v2\/media\/52289"}],"wp:attachment":[{"href":"https:\/\/all-pets.de\/shop\/wp-json\/wp\/v2\/media?parent=52292"}],"wp:term":[{"taxonomy":"product_cat","embeddable":true,"href":"https:\/\/all-pets.de\/shop\/wp-json\/wp\/v2\/product_cat?post=52292"},{"taxonomy":"product_tag","embeddable":true,"href":"https:\/\/all-pets.de\/shop\/wp-json\/wp\/v2\/product_tag?post=52292"}],"curies":[{"name":"wp","href":"https:\/\/api.w.org\/{rel}","templated":true}]}}