{"id":52294,"date":"2023-12-12T12:42:20","date_gmt":"2023-12-12T11:42:20","guid":{"rendered":"https:\/\/pet-shopping.de\/shop\/produkt\/trixie-kopfkissen-bendson-40-x-22-cm-hellgrau-dunkelgrau\/"},"modified":"2023-12-12T12:42:20","modified_gmt":"2023-12-12T11:42:20","slug":"trixie-kopfkissen-bendson-40-x-22-cm-hellgrau-dunkelgrau","status":"publish","type":"product","link":"https:\/\/all-pets.de\/shop\/produkt\/trixie-kopfkissen-bendson-40-x-22-cm-hellgrau-dunkelgrau\/","title":{"rendered":"Trixie Kopfkissen Bendson &#8211; 40 x 22 cm &#8211; hellgrau\/dunkelgrau"},"content":{"rendered":"<ul>\n<li>Pl\u00fcsch\/robuster Webstoff<\/li>\n<li>ergonomische Form<\/li>\n<li>entspannt die Kopf- und Nackenmuskulatur<\/li>\n<li>besonders formstabil f\u00fcr mehr Komfort<\/li>\n<li>silikonisierte Hohlfaser- und Polyestervlies-F\u00fcllung<\/li>\n<li>Ma\u00dfe: ca. 40 \u00d7 22 cm<\/li>\n<li>Farbe: hellgrau \/ dunkelgrau<\/li>\n<\/ul>\n","protected":false},"excerpt":{"rendered":"<p>Pl\u00fcsch\/robuster Webstoff ergonomische Form entspannt die Kopf- und Nackenmuskulatur besonders formstabil f\u00fcr mehr Komfort silikonisierte Hohlfaser- und Polyestervlies-F\u00fcllung Ma\u00dfe: ca. 40 \u00d7 22 cm Farbe: hellgrau \/ dunkelgrau<\/p>\n","protected":false},"featured_media":23745,"comment_status":"closed","ping_status":"open","template":"","meta":[],"product_cat":[15113],"product_tag":[],"class_list":{"0":"post-52294","1":"product","2":"type-product","3":"status-publish","4":"has-post-thumbnail","6":"product_cat-hundebetten-hundekissen-betten-koerbe","8":"first","9":"instock","10":"taxable","11":"shipping-taxable","12":"purchasable","13":"product-type-simple"},"_links":{"self":[{"href":"https:\/\/all-pets.de\/shop\/wp-json\/wp\/v2\/product\/52294","targetHints":{"allow":["GET"]}}],"collection":[{"href":"https:\/\/all-pets.de\/shop\/wp-json\/wp\/v2\/product"}],"about":[{"href":"https:\/\/all-pets.de\/shop\/wp-json\/wp\/v2\/types\/product"}],"replies":[{"embeddable":true,"href":"https:\/\/all-pets.de\/shop\/wp-json\/wp\/v2\/comments?post=52294"}],"wp:featuredmedia":[{"embeddable":true,"href":"https:\/\/all-pets.de\/shop\/wp-json\/wp\/v2\/media\/23745"}],"wp:attachment":[{"href":"https:\/\/all-pets.de\/shop\/wp-json\/wp\/v2\/media?parent=52294"}],"wp:term":[{"taxonomy":"product_cat","embeddable":true,"href":"https:\/\/all-pets.de\/shop\/wp-json\/wp\/v2\/product_cat?post=52294"},{"taxonomy":"product_tag","embeddable":true,"href":"https:\/\/all-pets.de\/shop\/wp-json\/wp\/v2\/product_tag?post=52294"}],"curies":[{"name":"wp","href":"https:\/\/api.w.org\/{rel}","templated":true}]}}