{"id":52300,"date":"2023-12-12T12:42:20","date_gmt":"2023-12-12T11:42:20","guid":{"rendered":"https:\/\/pet-shopping.de\/shop\/produkt\/trixie-roehrentunnel-fuer-kleinnager-ca-30-cm\/"},"modified":"2023-12-12T12:42:21","modified_gmt":"2023-12-12T11:42:21","slug":"trixie-roehrentunnel-fuer-kleinnager-ca-30-cm","status":"publish","type":"product","link":"https:\/\/all-pets.de\/shop\/produkt\/trixie-roehrentunnel-fuer-kleinnager-ca-30-cm\/","title":{"rendered":"Trixie R\u00f6hrentunnel f\u00fcr Kleinnager &#8211; ca. 30 cm"},"content":{"rendered":"<p>R\u00f6hrentunnel f\u00fcr Kleinnager, wie M\u00e4use. Der Tunnel besteht aus Echtholz mit Rinde und ist mit mehreren Ein- und Ausgangsl\u00f6chern ausgestattet. <\/p>\n<p>L\u00e4nge: ca. 30 cm<br \/> Innendurchmesser: ca. 4 cm<br \/> Durchmesser der seitlichen L\u00f6cher: ca. 4,5 cm\u00a0 <\/p>\n<p>Da es sich um ein Naturprodukt handelt, k\u00f6nnen die Ma\u00dfe entsprechend abweichen. <\/p>\n","protected":false},"excerpt":{"rendered":"<p>R\u00f6hrentunnel f\u00fcr Kleinnager, wie M\u00e4use. Der Tunnel besteht aus Echtholz mit Rinde und ist mit mehreren Ein- und Ausgangsl\u00f6chern ausgestattet. L\u00e4nge: ca. 30 cm Innendurchmesser: ca. 4 cm Durchmesser der seitlichen L\u00f6cher: ca. 4,5 cm\u00a0 Da es sich um ein Naturprodukt handelt, k\u00f6nnen die Ma\u00dfe entsprechend abweichen.<\/p>\n","protected":false},"featured_media":23774,"comment_status":"closed","ping_status":"open","template":"","meta":[],"product_cat":[14284],"product_tag":[],"class_list":{"0":"post-52300","1":"product","2":"type-product","3":"status-publish","4":"has-post-thumbnail","6":"product_cat-tunnel-hoehlen-bruecken-ausstattung-zubehoer-kleintierwelt","8":"first","9":"instock","10":"taxable","11":"shipping-taxable","12":"purchasable","13":"product-type-simple"},"_links":{"self":[{"href":"https:\/\/all-pets.de\/shop\/wp-json\/wp\/v2\/product\/52300","targetHints":{"allow":["GET"]}}],"collection":[{"href":"https:\/\/all-pets.de\/shop\/wp-json\/wp\/v2\/product"}],"about":[{"href":"https:\/\/all-pets.de\/shop\/wp-json\/wp\/v2\/types\/product"}],"replies":[{"embeddable":true,"href":"https:\/\/all-pets.de\/shop\/wp-json\/wp\/v2\/comments?post=52300"}],"wp:featuredmedia":[{"embeddable":true,"href":"https:\/\/all-pets.de\/shop\/wp-json\/wp\/v2\/media\/23774"}],"wp:attachment":[{"href":"https:\/\/all-pets.de\/shop\/wp-json\/wp\/v2\/media?parent=52300"}],"wp:term":[{"taxonomy":"product_cat","embeddable":true,"href":"https:\/\/all-pets.de\/shop\/wp-json\/wp\/v2\/product_cat?post=52300"},{"taxonomy":"product_tag","embeddable":true,"href":"https:\/\/all-pets.de\/shop\/wp-json\/wp\/v2\/product_tag?post=52300"}],"curies":[{"name":"wp","href":"https:\/\/api.w.org\/{rel}","templated":true}]}}